{"id":500,"date":"2025-06-06T12:34:32","date_gmt":"2025-06-06T12:34:32","guid":{"rendered":"http:\/\/www.caime.es\/?page_id=500"},"modified":"2025-06-10T08:01:10","modified_gmt":"2025-06-10T08:01:10","slug":"servicios-2","status":"publish","type":"page","link":"http:\/\/www.caime.es\/index.php\/servicios-2\/","title":{"rendered":"Servicios"},"content":{"rendered":"\n<div class=\"wp-block-group alignfull has-gradient-twentytwo-gradient-background has-background is-layout-constrained wp-container-core-group-is-layout-9b5ccdde wp-block-group-is-layout-constrained\" style=\"margin-top:0;margin-bottom:0;padding-top:7rem;padding-right:var(--wp--preset--spacing--40);padding-bottom:7rem;padding-left:var(--wp--preset--spacing--40)\">\n<h2 class=\"wp-block-heading has-text-align-center has-light-color-color has-text-color has-link-color wp-elements-4f1e427be8649ce84125cc9e447abdf6\">Servicios<\/h2>\n\n\n\n<div style=\"height:36px\" aria-hidden=\"true\" class=\"wp-block-spacer\"><\/div>\n\n\n\n<div class=\"wp-block-columns is-layout-flex wp-container-core-columns-is-layout-dfcdbb8e wp-block-columns-is-layout-flex\">\n<div class=\"wp-block-column is-layout-flow wp-block-column-is-layout-flow\">\n<div class=\"wp-block-columns is-layout-flex wp-container-core-columns-is-layout-9e902460 wp-block-columns-is-layout-flex\" style=\"margin-top:0px\">\n<div class=\"wp-block-column is-layout-flow wp-block-column-is-layout-flow\">\n<div class=\"wp-block-group has-border-color has-border-color-border-color is-layout-constrained wp-container-core-group-is-layout-4b763892 wp-block-group-is-layout-constrained\" style=\"border-width:1px;border-radius:12px;margin-top:0;margin-bottom:0;padding-top:28px;padding-right:28px;padding-bottom:28px;padding-left:28px\">\n<figure class=\"wp-block-image size-full is-resized wp-duotone-rgb21600-ffffff-1\"><img decoding=\"async\" src=\"http:\/\/www.caime.es\/wp-content\/themes\/saaslauncher\/assets\/images\/icon_101.png\" alt=\"\" class=\"wp-image-381\" style=\"object-fit:contain;width:60px;height:auto\"\/><\/figure>\n\n\n\n<div class=\"wp-block-buttons is-content-justification-center is-layout-flex wp-container-core-buttons-is-layout-a89b3969 wp-block-buttons-is-layout-flex\">\n<div class=\"wp-block-button\"><a class=\"wp-block-button__link has-gradient-twelve-gradient-background has-background has-medium-font-size has-custom-font-size wp-element-button\" href=\"http:\/\/www.caime.es\/index.php\/automatizacion-de-procesos-industriales-3\/\" style=\"border-radius:60px;padding-top:24px;padding-right:40px;padding-bottom:24px;padding-left:40px\">Automatizaci\u00f3n de procesos industriales<\/a><\/div>\n<\/div>\n\n\n\n<div style=\"height:24px\" aria-hidden=\"true\" class=\"wp-block-spacer\"><\/div>\n\n\n\n<p class=\"has-foreground-alt-color has-text-color has-link-color wp-elements-20eb2825c5b66f16d3187f3219440acf\">Dise\u00f1amos y desarrollamos un software de control a medida, analizando contigo cada requisito t\u00e9cnico y operativo para que aporte valor real a tu gesti\u00f3n diaria. Te acompa\u00f1amos de principio a fin \u2014dise\u00f1o, implantaci\u00f3n y soporte\u2014 asesor\u00e1ndote con las mejores pr\u00e1cticas para optimizar recursos, mejorar la eficiencia y favorecer la transformaci\u00f3n digital de tu organizaci\u00f3n.<\/p>\n<\/div>\n<\/div>\n\n\n\n<div class=\"wp-block-column is-layout-flow wp-block-column-is-layout-flow\">\n<div class=\"wp-block-group has-border-color has-border-color-border-color is-layout-constrained wp-container-core-group-is-layout-4b763892 wp-block-group-is-layout-constrained\" style=\"border-width:1px;border-radius:12px;margin-top:0;margin-bottom:0;padding-top:28px;padding-right:28px;padding-bottom:28px;padding-left:28px\">\n<figure class=\"wp-block-image size-full is-resized wp-duotone-rgb21600-ffffff-2\"><img decoding=\"async\" src=\"http:\/\/www.caime.es\/wp-content\/themes\/saaslauncher\/assets\/images\/icon_102.png\" alt=\"\" class=\"wp-image-388\" style=\"object-fit:contain;width:60px;height:60px\"\/><\/figure>\n\n\n\n<div class=\"wp-block-buttons is-content-justification-center is-layout-flex wp-container-core-buttons-is-layout-a89b3969 wp-block-buttons-is-layout-flex\">\n<div class=\"wp-block-button\"><a class=\"wp-block-button__link has-gradient-twelve-gradient-background has-background has-medium-font-size has-custom-font-size wp-element-button\" href=\"http:\/\/www.caime.es\/index.php\/mecanica-industrial\/\" style=\"border-radius:60px;padding-top:24px;padding-right:40px;padding-bottom:24px;padding-left:40px\">Mec\u00e1nica Industrial<\/a><\/div>\n<\/div>\n\n\n\n<div style=\"height:24px\" aria-hidden=\"true\" class=\"wp-block-spacer\"><\/div>\n\n\n\n<p class=\"has-foreground-alt-color has-text-color has-link-color wp-elements-535103ce0edc45d05d91bc7e5279f805\">Dise\u00f1amos soluciones mec\u00e1nicas robustas y precisas mediante estudios previos y modelado 3D, adapt\u00e1ndolas a los requisitos de cada cliente. Trabajamos en estrecha colaboraci\u00f3n con los departamentos el\u00e9ctricos y de software para anticipar obst\u00e1culos, integrar disciplinas y garantizar resultados eficientes y duraderos.<\/p>\n<\/div>\n<\/div>\n<\/div>\n\n\n\n<div class=\"wp-block-columns is-layout-flex wp-container-core-columns-is-layout-e06cc330 wp-block-columns-is-layout-flex\" style=\"margin-top:28px\">\n<div class=\"wp-block-column is-layout-flow wp-block-column-is-layout-flow\">\n<div class=\"wp-block-group has-border-color has-border-color-border-color is-layout-constrained wp-container-core-group-is-layout-4b763892 wp-block-group-is-layout-constrained\" style=\"border-width:1px;border-radius:12px;margin-top:0;margin-bottom:0;padding-top:28px;padding-right:28px;padding-bottom:28px;padding-left:28px\">\n<figure class=\"wp-block-image size-full is-resized wp-duotone-rgb21600-ffffff-3\"><img decoding=\"async\" src=\"http:\/\/www.caime.es\/wp-content\/themes\/saaslauncher\/assets\/images\/icon_103.png\" alt=\"\" class=\"wp-image-397\" style=\"object-fit:contain;width:60px;height:60px\"\/><\/figure>\n\n\n\n<div class=\"wp-block-buttons is-content-justification-center is-layout-flex wp-container-core-buttons-is-layout-a89b3969 wp-block-buttons-is-layout-flex\">\n<div class=\"wp-block-button\"><a class=\"wp-block-button__link has-gradient-twelve-gradient-background has-background has-medium-font-size has-custom-font-size wp-element-button\" href=\"http:\/\/www.caime.es\/index.php\/automatizacion-de-procesos-industriales-2\/\" style=\"border-radius:60px;padding-top:24px;padding-right:40px;padding-bottom:24px;padding-left:40px\">Electricidad Industrial<\/a><\/div>\n<\/div>\n\n\n\n<div style=\"height:24px\" aria-hidden=\"true\" class=\"wp-block-spacer\"><\/div>\n\n\n\n<p class=\"has-foreground-alt-color has-text-color has-link-color wp-elements-c6acb5023eb985ac4350cef4cab36e36\">Dise\u00f1amos instalaciones el\u00e9ctricas residenciales, comerciales e industriales a medida, cumpliendo estrictamente REBT y normativa UNE, con herramientas l\u00edderes y m\u00e1xima eficiencia. Adem\u00e1s, nuestra trayectoria en CAIME incluye mantenimiento, montaje y puesta en marcha de maquinaria industrial y cuadros de potencia, garantizando soluciones fiables y adaptadas a cada cliente.<\/p>\n<\/div>\n<\/div>\n\n\n\n<div class=\"wp-block-column is-layout-flow wp-block-column-is-layout-flow\">\n<div class=\"wp-block-group has-border-color has-border-color-border-color is-layout-constrained wp-container-core-group-is-layout-4b763892 wp-block-group-is-layout-constrained\" style=\"border-width:1px;border-radius:12px;margin-top:0;margin-bottom:0;padding-top:28px;padding-right:28px;padding-bottom:28px;padding-left:28px\">\n<figure class=\"wp-block-image size-full is-resized wp-duotone-rgb21600-ffffff-4\"><img decoding=\"async\" src=\"http:\/\/www.caime.es\/wp-content\/themes\/saaslauncher\/assets\/images\/icon_104.png\" alt=\"\" class=\"wp-image-398\" style=\"object-fit:contain;width:60px;height:60px\"\/><\/figure>\n\n\n\n<div class=\"wp-block-buttons is-content-justification-center is-layout-flex wp-container-core-buttons-is-layout-a89b3969 wp-block-buttons-is-layout-flex\">\n<div class=\"wp-block-button\"><a class=\"wp-block-button__link has-gradient-twelve-gradient-background has-background has-medium-font-size has-custom-font-size wp-element-button\" href=\"http:\/\/www.caime.es\/index.php\/sistemas-de-control\/\" style=\"border-radius:60px;padding-top:24px;padding-right:40px;padding-bottom:24px;padding-left:40px\">Sistemas de control<\/a><\/div>\n<\/div>\n\n\n\n<div style=\"height:24px\" aria-hidden=\"true\" class=\"wp-block-spacer\"><\/div>\n\n\n\n<p class=\"has-foreground-alt-color has-text-color has-link-color wp-elements-be1d96c4309714ae04874b738f9b5fb7\">Desarrollamos sistemas de control industrial y SCADA avanzados (Wonderware, InduSoft, Siemens) para supervisar y optimizar tus procesos en tiempo real. Integramos servidores OPC para capturar datos y generar informes autom\u00e1ticos, mejorando la toma de decisiones y la eficiencia operativa.<\/p>\n<\/div>\n<\/div>\n<\/div>\n\n\n\n<div style=\"height:36px\" aria-hidden=\"true\" class=\"wp-block-spacer\"><\/div>\n<\/div>\n<\/div>\n<\/div>\n","protected":false},"excerpt":{"rendered":"<p>Servicios Dise\u00f1amos y desarrollamos un software de control a medida, analizando contigo cada requisito t\u00e9cnico y operativo para que aporte valor real a tu gesti\u00f3n diaria. Te acompa\u00f1amos de principio a fin \u2014dise\u00f1o, implantaci\u00f3n y soporte\u2014 asesor\u00e1ndote con las mejores pr\u00e1cticas para optimizar recursos, mejorar la eficiencia y favorecer la transformaci\u00f3n digital de tu organizaci\u00f3n&#8230;.<\/p>\n","protected":false},"author":1,"featured_media":0,"parent":0,"menu_order":0,"comment_status":"closed","ping_status":"closed","template":"","meta":{"footnotes":""},"class_list":["post-500","page","type-page","status-publish","hentry"],"yoast_head":"<!-- This site is optimized with the Yoast SEO plugin v14.4.1 - https:\/\/yoast.com\/wordpress\/plugins\/seo\/ -->\n<meta name=\"description\" content=\"Servicios Dise\u00f1amos y desarrollamos un software de control a medida, analizando contigo cada requisito t\u00e9cnico y operativo para que aporte valor real a tu gesti\u00f3n diaria. Te acompa\u00f1amos de principio a fin \u2014dise\u00f1o, implantaci\u00f3n y soporte\u2014 asesor\u00e1ndote con las mejores pr\u00e1cticas para optimizar recursos, mejorar la eficiencia y favorecer la transformaci\u00f3n digital de tu organizaci\u00f3n....\" \/>\n<meta name=\"robots\" content=\"index, follow\" \/>\n<meta name=\"googlebot\" content=\"index, follow, max-snippet:-1, max-image-preview:large, max-video-preview:-1\" \/>\n<meta name=\"bingbot\" content=\"index, follow, max-snippet:-1, max-image-preview:large, max-video-preview:-1\" \/>\n<link rel=\"canonical\" href=\"http:\/\/www.caime.es\/index.php\/servicios-2\/\" \/>\n<meta property=\"og:locale\" content=\"en_US\" \/>\n<meta property=\"og:type\" content=\"article\" \/>\n<meta property=\"og:title\" content=\"Servicios - CAIME\" \/>\n<meta property=\"og:description\" content=\"Servicios Dise\u00f1amos y desarrollamos un software de control a medida, analizando contigo cada requisito t\u00e9cnico y operativo para que aporte valor real a tu gesti\u00f3n diaria. Te acompa\u00f1amos de principio a fin \u2014dise\u00f1o, implantaci\u00f3n y soporte\u2014 asesor\u00e1ndote con las mejores pr\u00e1cticas para optimizar recursos, mejorar la eficiencia y favorecer la transformaci\u00f3n digital de tu organizaci\u00f3n....\" \/>\n<meta property=\"og:url\" content=\"http:\/\/www.caime.es\/index.php\/servicios-2\/\" \/>\n<meta property=\"og:site_name\" content=\"CAIME\" \/>\n<meta property=\"article:modified_time\" content=\"2025-06-10T08:01:10+00:00\" \/>\n<meta property=\"og:image\" content=\"http:\/\/www.caime.es\/wp-content\/themes\/saaslauncher\/assets\/images\/icon_101.png\" \/>\n<meta name=\"twitter:card\" content=\"summary_large_image\" \/>\n<script type=\"application\/ld+json\" class=\"yoast-schema-graph\">{\"@context\":\"https:\/\/schema.org\",\"@graph\":[{\"@type\":\"WebSite\",\"@id\":\"http:\/\/www.caime.es\/#website\",\"url\":\"http:\/\/www.caime.es\/\",\"name\":\"CAIME\",\"description\":\"Ayudamos a automatizar y mejorar la eficiencia operativa mediante soluciones que optimizan los procesos y el manejo de datos en tiempo real.\",\"potentialAction\":[{\"@type\":\"SearchAction\",\"target\":\"http:\/\/www.caime.es\/?s={search_term_string}\",\"query-input\":\"required name=search_term_string\"}],\"inLanguage\":\"en-US\"},{\"@type\":\"ImageObject\",\"@id\":\"http:\/\/www.caime.es\/index.php\/servicios-2\/#primaryimage\",\"inLanguage\":\"en-US\",\"url\":\"http:\/\/www.caime.es\/wp-content\/themes\/saaslauncher\/assets\/images\/icon_101.png\"},{\"@type\":\"WebPage\",\"@id\":\"http:\/\/www.caime.es\/index.php\/servicios-2\/#webpage\",\"url\":\"http:\/\/www.caime.es\/index.php\/servicios-2\/\",\"name\":\"Servicios - CAIME\",\"isPartOf\":{\"@id\":\"http:\/\/www.caime.es\/#website\"},\"primaryImageOfPage\":{\"@id\":\"http:\/\/www.caime.es\/index.php\/servicios-2\/#primaryimage\"},\"datePublished\":\"2025-06-06T12:34:32+00:00\",\"dateModified\":\"2025-06-10T08:01:10+00:00\",\"inLanguage\":\"en-US\",\"potentialAction\":[{\"@type\":\"ReadAction\",\"target\":[\"http:\/\/www.caime.es\/index.php\/servicios-2\/\"]}]}]}<\/script>\n<!-- \/ Yoast SEO plugin. -->","_links":{"self":[{"href":"http:\/\/www.caime.es\/index.php\/wp-json\/wp\/v2\/pages\/500","targetHints":{"allow":["GET"]}}],"collection":[{"href":"http:\/\/www.caime.es\/index.php\/wp-json\/wp\/v2\/pages"}],"about":[{"href":"http:\/\/www.caime.es\/index.php\/wp-json\/wp\/v2\/types\/page"}],"author":[{"embeddable":true,"href":"http:\/\/www.caime.es\/index.php\/wp-json\/wp\/v2\/users\/1"}],"replies":[{"embeddable":true,"href":"http:\/\/www.caime.es\/index.php\/wp-json\/wp\/v2\/comments?post=500"}],"version-history":[{"count":5,"href":"http:\/\/www.caime.es\/index.php\/wp-json\/wp\/v2\/pages\/500\/revisions"}],"predecessor-version":[{"id":519,"href":"http:\/\/www.caime.es\/index.php\/wp-json\/wp\/v2\/pages\/500\/revisions\/519"}],"wp:attachment":[{"href":"http:\/\/www.caime.es\/index.php\/wp-json\/wp\/v2\/media?parent=500"}],"curies":[{"name":"wp","href":"https:\/\/api.w.org\/{rel}","templated":true}]}}