{"id":45,"date":"2020-05-21T06:30:22","date_gmt":"2020-05-21T06:30:22","guid":{"rendered":"http:\/\/www.caime.es\/index.php\/html\/aviso-legal\/"},"modified":"2020-07-07T09:38:09","modified_gmt":"2020-07-07T09:38:09","slug":"aviso-legal","status":"publish","type":"page","link":"http:\/\/www.caime.es\/index.php\/aviso-legal\/","title":{"rendered":"Aviso Legal"},"content":{"rendered":"<h1>TODO PARA LA INDUSTRIA<\/h1>\n<h2>Ofrecemos una soluci\u00f3n completa gracias a la uni\u00f3n de ingenier\u00eda autom\u00e1tica, el\u00e9ctrica y mec\u00e1nica<\/h2>\n<p>\t\t\t\t\t\t\t\t\t\t<img loading=\"lazy\" decoding=\"async\" width=\"150\" height=\"150\" src=\"http:\/\/www.caime.es\/wp-content\/uploads\/2020\/07\/cubo-estatico-150x150.jpg\" alt=\"\" \/>\t\t\t\t\t\t\t\t\t\t\t<\/p>\n<h4>AVISO LEGAL<\/h4>\n<h6>\u00a9 CONTROL AUTOMATICO IME, S.L, C\/ Gardenias, 15 de Alcorc\u00f3n 28925 (Madrid) \/ Todos los derechos reservados.<\/h6>\n<p style=\"text-align: left;\"><strong>1. Datos de la empresa.<\/strong><br \/>CONTROL AUTOMATICO IME, S.L, en cumplimiento de la Ley 34\/2002, de 11 de julio, de servicios de la sociedad de la informaci\u00f3n y de comercio electr\u00f3nico, le informa de que:<\/p>\n<p style=\"text-align: left;\">Su denominaci\u00f3n social es CONTROL AUTOMATICO IME, S.L, en adelante CAIME.<br \/>Su CIF es B86364940.<br \/>Inscrita en el Registro Mercantil de Madrid al tomo 29.457; folio 173 inscripci\u00f3n 1; hoja M-530248.<br \/>Su domicilio social est\u00e1 en C\/ Gardenias, 15 de Alcorc\u00f3n 28925 (Madrid).<\/p>\n<p style=\"text-align: left;\"><strong>2. Propiedad intelectual.<\/strong><br \/>El c\u00f3digo fuente, los dise\u00f1os gr\u00e1ficos, las im\u00e1genes, las fotograf\u00edas, los sonidos, las animaciones, el software, los textos, as\u00ed como la informaci\u00f3n y los contenidos que se recogen en el presente sitio web est\u00e1n protegidos por la legislaci\u00f3n espa\u00f1ola sobre los derechos de propiedad intelectual e industrial a favor de CAIME y no se permite la reproducci\u00f3n y\/o publicaci\u00f3n, total o parcial, del sitio web, ni su tratamiento inform\u00e1tico, su distribuci\u00f3n, su difusi\u00f3n, ni su modificaci\u00f3n, transformaci\u00f3n o descompilaci\u00f3n, ni dem\u00e1s derechos reconocidos legalmente a su titular, sin el permiso previo y por escrito del mismo. El usuario, \u00fanica y exclusivamente, puede utilizar el material que aparezca en este sitio web para su uso personal y privado, quedando prohibido su uso con fines comerciales o para incurrir en actividades il\u00edcitas. Todos los derechos derivados de la propiedad intelectual est\u00e1n expresamente reservados por CAIME, CAIME velar\u00e1 por el cumplimiento de las anteriores condiciones como por la debida utilizaci\u00f3n de los contenidos presentados en sus p\u00e1ginas web, ejercitando todas las acciones civiles y penales que le correspondan en el caso de infracci\u00f3n o incumplimiento de estos derechos por parte del usuario.<\/p>\n<p style=\"text-align: left;\" align=\"center\"><strong>3. Protecci\u00f3n de datos de car\u00e1cter personal.<\/strong><br \/>En el marco del cumplimiento de la legislaci\u00f3n vigente, recogida en la Ley Org\u00e1nica 15\/1999, de 13 de diciembre, sobre protecci\u00f3n de Datos de Car\u00e1cter Personal (LOPD), cuyo objeto es garantizar y proteger, en lo que concierne al tratamiento de los datos personales, las libertades y derechos fundamentales de las personas f\u00edsicas, y especialmente de su honor e intimidad personal, la empresa CAIME le informa a los usuarios que en el presente sitio web los datos personales que el Usuario facilite a trav\u00e9s del Sitio caime.es ser\u00e1n objeto de tratamiento (y podr\u00e1n eventualmente ser incorporados en ficheros) del que es responsable CAIME. Salvo que otra cosa se indique en los formularios del Sitio caime.es donde se recaben los datos del Usuario, la recogida y tratamiento de los datos personales tiene como \u00fanicas finalidades gestionar las consultas que, en su caso, el Usuario realice a CAIME a trav\u00e9s del Sitio caime.es, controlar el cumplimiento del Usuario de estas condiciones de uso del Sitio caime.es y cumplir nuestras obligaciones legales. Si lo desea puede dirigirse a CAIME, domiciliada C\/ Gardenias, 15 de Alcorc\u00f3n 28925 (Madrid) o bien enviando un email a cgg@caime.es,\u00a0 con el fin de ejercer los derechos de\u00a0<strong>A<\/strong>cceso,\u00a0<strong>R<\/strong>ectificaci\u00f3n,\u00a0<strong>C<\/strong>ancelaci\u00f3n y\u00a0<strong>O<\/strong>posici\u00f3n.<\/p>\n<p style=\"text-align: left;\" align=\"center\"><strong>4. Varios:<\/strong><\/p>\n<p style=\"text-align: left;\" align=\"center\"><strong>A.-<\/strong>\u00a0CAIME no utiliza cookies que se quedar\u00e1n almacenadas en el ordenador. Las cookies son peque\u00f1os archivos que nuestro ordenador env\u00eda al suyo, pero que no nos proporcionan informaci\u00f3n ni sobre su nombre, ni sobre cualquier dato de car\u00e1cter personal suyo. Cuando el usuario se encuentre navegando por las p\u00e1ginas web de CAIME el servidor donde se encuentra alojada reconoce autom\u00e1ticamente la direcci\u00f3n IP de su ordenador, el d\u00eda y la hora en la que comienza la visita, en la que abandona la visita, as\u00ed como informaci\u00f3n sobre las distintas secciones consultadas. Es necesario que el servidor conozca estos datos para poder comunicarse y enviarle la petici\u00f3n realizada y que a trav\u00e9s del navegador se pueda ver en la pantalla.<\/p>\n<p style=\"text-align: left;\" align=\"center\"><strong>B.-\u00a0<\/strong>CAIME podr\u00e1 modificar, sin previo aviso, la informaci\u00f3n contenida en su sitio web, as\u00ed como su configuraci\u00f3n y presentaci\u00f3n.<\/p>\n<p style=\"text-align: left;\" align=\"center\"><strong>C.-<\/strong>\u00a0CAIME se compromete a trav\u00e9s de este medio a NO REALIZAR PUBLICIDAD ENGA\u00d1OSA. A estos efectos, por lo tanto, no ser\u00e1n considerados como publicidad enga\u00f1osa los errores formales o num\u00e9ricos que puedan encontrarse a lo largo del contenido de las distintas secciones de la web de CAIME, producidos como consecuencia de un mantenimiento y\/o actualizaci\u00f3n incompleta o defectuosa de la informaci\u00f3n contenida es estas secciones. CAIME como consecuencia de lo dispuesto en este apartado, se compromete a corregirlo tan pronto como tenga conocimiento de dichos errores.<\/p>\n<p style=\"text-align: left;\" align=\"center\"><strong>D.-<\/strong>\u00a0CAIME se compromete a NO REMITIR COMUNICACIONES COMERCIALES SIN IDENTIFICARLAS COMO TALES, conforme a lo dispuesto en la Ley 34\/2002 de Servicios de la Sociedad de la Informaci\u00f3n y de comercio electr\u00f3nico. A estos efectos no ser\u00e1 considerado como comunicaci\u00f3n comercial toda la informaci\u00f3n que se env\u00ede A LOS CLIENTES de CAIME para el desempe\u00f1o de las tareas de informaci\u00f3n, formaci\u00f3n y otras actividades propias del servicio que el cliente tiene contratado con la empresa CAIME.<\/p>\n<p style=\"text-align: left;\" align=\"center\"><strong>E.-<\/strong>\u00a0La empresa CAIME no se hace responsable del incumplimiento de cualquier norma aplicable en que pueda incurrir el usuario en su acceso al sitio web el presente sitio web y\/o en el uso de las informaciones contenidas en el mismo.<\/p>\n<p style=\"text-align: left;\" align=\"center\"><strong>F.-<\/strong>\u00a0CAIME no ser\u00e1 responsable de los da\u00f1os y perjuicios producidos o que puedan producirse, cualquiera que sea su naturaleza, que se deriven del uso de la informaci\u00f3n, de las materias contenidas en este web site y de los programas que incorpora. Los enlaces (Links) e hipertexto que posibiliten, a trav\u00e9s del sitio web el presente sitio web, acceder al usuario a prestaciones y servicios ofrecidos por terceros, no pertenecen ni se encuentran bajo el control de CAIME; dicha entidad no se hace responsable ni de la informaci\u00f3n contenida en los mismos ni de cualesquiera efectos que pudieran derivarse de dicha informaci\u00f3n.<\/p>\n<p style=\"text-align: left;\" align=\"center\"><strong>G.-<\/strong>\u00a0CAIME no se hace responsable del uso ileg\u00edtimo que terceras personas puedan hacer de los nombres de marca, nombres de producto, marcas comerciales que, no siendo propiedad de dicha entidad, aparezcan en el presente sitio web. Tampoco se responsabiliza de la integridad, veracidad y licitud del contenido de los enlaces a las webs a las que pueda accederse desde el presente sitio web.<\/p>\n<p style=\"text-align: left;\" align=\"center\"><strong>H.-<\/strong>\u00a0En definitiva, el Usuario es el \u00fanico responsable del uso que realice de los servicios, contenidos, enlaces (links) e hipertexto incluidos en el sitio web el presente sitio web.<\/p>\n","protected":false},"excerpt":{"rendered":"<p>TODO PARA LA INDUSTRIA Ofrecemos una soluci\u00f3n completa gracias a la uni\u00f3n de ingenier\u00eda autom\u00e1tica, el\u00e9ctrica y mec\u00e1nica AVISO LEGAL \u00a9 CONTROL AUTOMATICO IME, S.L, C\/ Gardenias, 15 de Alcorc\u00f3n 28925 (Madrid) \/ Todos los derechos reservados. 1. Datos de la empresa.CONTROL AUTOMATICO IME, S.L, en cumplimiento de la Ley 34\/2002, de 11 de julio,&#8230;<\/p>\n","protected":false},"author":1,"featured_media":0,"parent":0,"menu_order":0,"comment_status":"closed","ping_status":"open","template":"elementor_header_footer","meta":{"footnotes":""},"class_list":["post-45","page","type-page","status-publish","hentry"],"yoast_head":"<!-- This site is optimized with the Yoast SEO plugin v14.4.1 - https:\/\/yoast.com\/wordpress\/plugins\/seo\/ -->\n<meta name=\"description\" content=\"TODO PARA LA INDUSTRIA Ofrecemos una soluci\u00f3n completa gracias a la uni\u00f3n de ingenier\u00eda autom\u00e1tica, el\u00e9ctrica y mec\u00e1nica AVISO LEGAL \u00a9 CONTROL AUTOMATICO IME, S.L, C\/ Gardenias, 15 de Alcorc\u00f3n 28925 (Madrid) \/ Todos los derechos reservados. 1. Datos de la empresa.CONTROL AUTOMATICO IME, S.L, en cumplimiento de la Ley 34\/2002, de 11 de julio,...\" \/>\n<meta name=\"robots\" content=\"index, follow\" \/>\n<meta name=\"googlebot\" content=\"index, follow, max-snippet:-1, max-image-preview:large, max-video-preview:-1\" \/>\n<meta name=\"bingbot\" content=\"index, follow, max-snippet:-1, max-image-preview:large, max-video-preview:-1\" \/>\n<link rel=\"canonical\" href=\"http:\/\/www.caime.es\/index.php\/aviso-legal\/\" \/>\n<meta property=\"og:locale\" content=\"en_US\" \/>\n<meta property=\"og:type\" content=\"article\" \/>\n<meta property=\"og:title\" content=\"Aviso Legal - CAIME\" \/>\n<meta property=\"og:description\" content=\"TODO PARA LA INDUSTRIA Ofrecemos una soluci\u00f3n completa gracias a la uni\u00f3n de ingenier\u00eda autom\u00e1tica, el\u00e9ctrica y mec\u00e1nica AVISO LEGAL \u00a9 CONTROL AUTOMATICO IME, S.L, C\/ Gardenias, 15 de Alcorc\u00f3n 28925 (Madrid) \/ Todos los derechos reservados. 1. Datos de la empresa.CONTROL AUTOMATICO IME, S.L, en cumplimiento de la Ley 34\/2002, de 11 de julio,...\" \/>\n<meta property=\"og:url\" content=\"http:\/\/www.caime.es\/index.php\/aviso-legal\/\" \/>\n<meta property=\"og:site_name\" content=\"CAIME\" \/>\n<meta property=\"article:modified_time\" content=\"2020-07-07T09:38:09+00:00\" \/>\n<meta property=\"og:image\" content=\"http:\/\/www.caime.es\/wp-content\/uploads\/2020\/07\/cubo-estatico-150x150.jpg\" \/>\n<meta name=\"twitter:card\" content=\"summary_large_image\" \/>\n<script type=\"application\/ld+json\" class=\"yoast-schema-graph\">{\"@context\":\"https:\/\/schema.org\",\"@graph\":[{\"@type\":\"WebSite\",\"@id\":\"http:\/\/www.caime.es\/#website\",\"url\":\"http:\/\/www.caime.es\/\",\"name\":\"CAIME\",\"description\":\"Ayudamos a automatizar y mejorar la eficiencia operativa mediante soluciones que optimizan los procesos y el manejo de datos en tiempo real.\",\"potentialAction\":[{\"@type\":\"SearchAction\",\"target\":\"http:\/\/www.caime.es\/?s={search_term_string}\",\"query-input\":\"required name=search_term_string\"}],\"inLanguage\":\"en-US\"},{\"@type\":\"ImageObject\",\"@id\":\"http:\/\/www.caime.es\/index.php\/aviso-legal\/#primaryimage\",\"inLanguage\":\"en-US\",\"url\":\"http:\/\/www.caime.es\/wp-content\/uploads\/2020\/07\/cubo-estatico.jpg\",\"width\":509,\"height\":537},{\"@type\":\"WebPage\",\"@id\":\"http:\/\/www.caime.es\/index.php\/aviso-legal\/#webpage\",\"url\":\"http:\/\/www.caime.es\/index.php\/aviso-legal\/\",\"name\":\"Aviso Legal - CAIME\",\"isPartOf\":{\"@id\":\"http:\/\/www.caime.es\/#website\"},\"primaryImageOfPage\":{\"@id\":\"http:\/\/www.caime.es\/index.php\/aviso-legal\/#primaryimage\"},\"datePublished\":\"2020-05-21T06:30:22+00:00\",\"dateModified\":\"2020-07-07T09:38:09+00:00\",\"inLanguage\":\"en-US\",\"potentialAction\":[{\"@type\":\"ReadAction\",\"target\":[\"http:\/\/www.caime.es\/index.php\/aviso-legal\/\"]}]}]}<\/script>\n<!-- \/ Yoast SEO plugin. -->","_links":{"self":[{"href":"http:\/\/www.caime.es\/index.php\/wp-json\/wp\/v2\/pages\/45","targetHints":{"allow":["GET"]}}],"collection":[{"href":"http:\/\/www.caime.es\/index.php\/wp-json\/wp\/v2\/pages"}],"about":[{"href":"http:\/\/www.caime.es\/index.php\/wp-json\/wp\/v2\/types\/page"}],"author":[{"embeddable":true,"href":"http:\/\/www.caime.es\/index.php\/wp-json\/wp\/v2\/users\/1"}],"replies":[{"embeddable":true,"href":"http:\/\/www.caime.es\/index.php\/wp-json\/wp\/v2\/comments?post=45"}],"version-history":[{"count":5,"href":"http:\/\/www.caime.es\/index.php\/wp-json\/wp\/v2\/pages\/45\/revisions"}],"predecessor-version":[{"id":333,"href":"http:\/\/www.caime.es\/index.php\/wp-json\/wp\/v2\/pages\/45\/revisions\/333"}],"wp:attachment":[{"href":"http:\/\/www.caime.es\/index.php\/wp-json\/wp\/v2\/media?parent=45"}],"curies":[{"name":"wp","href":"https:\/\/api.w.org\/{rel}","templated":true}]}}