{"id":304,"date":"2020-07-07T07:28:02","date_gmt":"2020-07-07T07:28:02","guid":{"rendered":"http:\/\/www.caime.es\/?page_id=304"},"modified":"2025-07-23T09:27:59","modified_gmt":"2025-07-23T09:27:59","slug":"automatizacion-de-procesos-industriales-3","status":"publish","type":"page","link":"http:\/\/www.caime.es\/index.php\/automatizacion-de-procesos-industriales-3\/","title":{"rendered":"Automatizaci\u00f3n de procesos industriales"},"content":{"rendered":"\n<div class=\"wp-block-group alignfull is-style-saaslauncher-gradient-border has-center-gradient-gradient-background has-background is-layout-constrained wp-container-core-group-is-layout-5c53b157 wp-block-group-is-layout-constrained\" style=\"margin-top:0;margin-bottom:0;padding-top:0;padding-right:0;padding-bottom:0;padding-left:0\">\n<div class=\"wp-block-cover is-light\" style=\"margin-top:0px;padding-top:var(--wp--preset--spacing--80);padding-right:var(--wp--preset--spacing--40);padding-bottom:var(--wp--preset--spacing--40);padding-left:var(--wp--preset--spacing--40);min-height:640px;aspect-ratio:unset;\"><span aria-hidden=\"true\" class=\"wp-block-cover__background has-background-dim-0 has-background-dim\"><\/span><div class=\"wp-block-cover__inner-container is-layout-constrained wp-container-core-cover-is-layout-ab07d437 wp-block-cover-is-layout-constrained\">\n<div class=\"wp-block-group is-content-justification-center is-nowrap is-layout-flex wp-container-core-group-is-layout-23441af8 wp-block-group-is-layout-flex\">\n<div class=\"wp-block-group is-style-saaslauncher-gradient-border has-dark-shade-background-color has-background is-layout-constrained wp-container-core-group-is-layout-bccc2d18 wp-block-group-is-layout-constrained\" style=\"border-width:1px;border-radius:60px;padding-top:3px;padding-right:12px;padding-bottom:3px;padding-left:12px\">\n<h5 class=\"wp-block-heading has-light-color-color has-text-color has-link-color has-small-font-size wp-elements-b5bd5bb7dbde74d7953013f31a6464ef\">Contamos con mas de &#8220;X&#8221; Clientes<\/h5>\n<\/div>\n<\/div>\n\n\n\n<div class=\"wp-block-group is-layout-constrained wp-container-core-group-is-layout-df136b94 wp-block-group-is-layout-constrained\" style=\"margin-top:20px;margin-bottom:0\">\n<h1 class=\"wp-block-heading has-text-align-center saaslauncher-big-title has-light-color-color has-text-color has-link-color wp-elements-6e7ff3c7e17b57521760b434347c58b6\" style=\"font-size:clamp(43.728px, 2.733rem + ((1vw - 3.2px) * 2.456), 84px);font-style:normal;font-weight:600;line-height:1.3\">Automatizaci\u00f3n de procesos industriales<\/h1>\n<\/div>\n\n\n\n<div class=\"wp-block-buttons is-style-button-zoom-on-hover is-content-justification-center is-layout-flex wp-container-core-buttons-is-layout-9ad3a40f wp-block-buttons-is-layout-flex\" style=\"margin-top:44px\">\n<div class=\"wp-block-button is-style-button-with-uparrow-icon\"><a class=\"wp-block-button__link has-gradient-twelve-gradient-background has-background has-medium-font-size has-custom-font-size wp-element-button\" style=\"border-style:none;border-width:0px;border-radius:60px;padding-top:24px;padding-right:40px;padding-bottom:24px;padding-left:40px\">\u00a1Cont\u00e1ctanos!<\/a><\/div>\n<\/div>\n<\/div><\/div>\n<\/div>\n\n\n\n<div class=\"wp-block-group alignfull is-style-default has-gradient-twentyfour-gradient-background has-background is-layout-constrained wp-container-core-group-is-layout-0a6d3a7f wp-block-group-is-layout-constrained\" style=\"margin-top:0;margin-bottom:0;padding-top:7rem;padding-right:var(--wp--preset--spacing--40);padding-bottom:var(--wp--preset--spacing--60);padding-left:var(--wp--preset--spacing--40)\">\n<div class=\"wp-block-columns alignfull are-vertically-aligned-center is-style-saaslauncher-boxshadow-hover is-layout-flex wp-container-core-columns-is-layout-10f152b4 wp-block-columns-is-layout-flex\" style=\"margin-top:0;margin-bottom:0;padding-right:var(--wp--preset--spacing--80);padding-left:var(--wp--preset--spacing--80)\">\n<div class=\"wp-block-column is-vertically-aligned-center is-layout-flow wp-block-column-is-layout-flow\">\n<div class=\"wp-block-group is-content-justification-right is-layout-constrained wp-container-core-group-is-layout-f9a05951 wp-block-group-is-layout-constrained\" style=\"padding-top:var(--wp--preset--spacing--40);padding-right:var(--wp--preset--spacing--40);padding-bottom:var(--wp--preset--spacing--40);padding-left:var(--wp--preset--spacing--40)\">\n<div class=\"wp-block-group is-content-justification-left is-nowrap is-layout-flex wp-container-core-group-is-layout-2383ff3b wp-block-group-is-layout-flex\" style=\"margin-bottom:24px\">\n<div class=\"wp-block-group is-style-saaslauncher-gradient-border has-dark-shade-background-color has-background is-layout-constrained wp-container-core-group-is-layout-bccc2d18 wp-block-group-is-layout-constrained\" style=\"border-width:1px;border-radius:60px;padding-top:3px;padding-right:12px;padding-bottom:3px;padding-left:12px\">\n<h5 class=\"wp-block-heading has-light-color-color has-text-color has-link-color has-medium-font-size wp-elements-864d63bf4446f04ba81204ae44843f71\">Automatizaci\u00f3n de procesos industriales<\/h5>\n<\/div>\n<\/div>\n\n\n\n<p class=\"has-light-color-color has-text-color has-link-color has-medium-font-size wp-elements-39044898f541e6ef447c3d80e2d4e956\" style=\"margin-bottom:28px\">Nuestro equipo de especialistas se encargar\u00e1 de desarrollar un software de control completamente adaptado a tus necesidades, teniendo en cuenta tanto los requisitos t\u00e9cnicos como las particularidades de tu actividad. Analizaremos contigo cada aspecto del proyecto para asegurarnos de que la soluci\u00f3n final no solo funcione correctamente, sino que tambi\u00e9n aporte valor real a tu gesti\u00f3n diaria.<\/p>\n\n\n\n<p class=\"has-light-color-color has-text-color has-link-color has-medium-font-size wp-elements-c4b963b2769350c2c464504421b6bd64\">Adem\u00e1s, ponemos a tu disposici\u00f3n toda nuestra experiencia en el sector para acompa\u00f1arte durante todo el proceso, desde la fase de dise\u00f1o hasta la implantaci\u00f3n y el soporte posterior. Te asesoraremos en todo momento, proponi\u00e9ndote las alternativas m\u00e1s eficaces y recomend\u00e1ndote las mejores pr\u00e1cticas para optimizar recursos, mejorar la eficiencia y garantizar un sistema escalable y duradero.<\/p>\n\n\n\n<p class=\"has-light-color-color has-text-color has-link-color has-medium-font-size wp-elements-00777c1cbe98d305a12febfa42f3d9ed\" style=\"margin-bottom:28px\">Nuestro objetivo no es solo entregarte un producto, sino ayudarte a tomar decisiones que impulsen el crecimiento y la transformaci\u00f3n digital de tu organizaci\u00f3n.<\/p>\n\n\n\n<p class=\"has-light-color-color has-text-color has-link-color wp-elements-c9352aa5ec41aabb1e23ab7f1c9d816c\" style=\"margin-bottom:28px\">Desarrollo software de las principales marcas de aut\u00f3matas programables.<\/p>\n\n\n\n<div class=\"wp-block-buttons is-layout-flex wp-block-buttons-is-layout-flex\">\n<div class=\"wp-block-button is-style-button-with-uparrow-icon\"><a class=\"wp-block-button__link has-gradient-twelve-gradient-background has-background has-medium-font-size has-custom-font-size wp-element-button\" style=\"border-radius:60px;padding-top:20px;padding-right:40px;padding-bottom:20px;padding-left:40px\">Servicios<\/a><\/div>\n<\/div>\n<\/div>\n<\/div>\n\n\n\n<div class=\"wp-block-column is-vertically-aligned-center is-layout-flow wp-block-column-is-layout-flow\" style=\"flex-basis:50%\">\n<figure class=\"wp-block-gallery has-nested-images columns-default is-cropped wp-block-gallery-1 is-layout-flex wp-block-gallery-is-layout-flex\">\n<figure class=\"wp-block-image size-full has-custom-border is-style-default\"><img loading=\"lazy\" decoding=\"async\" width=\"1500\" height=\"1000\" data-id=\"443\" src=\"http:\/\/www.caime.es\/wp-content\/uploads\/2025\/05\/Imagenes-Blog-1500x1000_0007_Sistemas-de-automatizacion-industrial.png\" alt=\"\" class=\"wp-image-443\" style=\"border-radius:10px\" srcset=\"http:\/\/www.caime.es\/wp-content\/uploads\/2025\/05\/Imagenes-Blog-1500x1000_0007_Sistemas-de-automatizacion-industrial.png 1500w, http:\/\/www.caime.es\/wp-content\/uploads\/2025\/05\/Imagenes-Blog-1500x1000_0007_Sistemas-de-automatizacion-industrial-300x200.png 300w, http:\/\/www.caime.es\/wp-content\/uploads\/2025\/05\/Imagenes-Blog-1500x1000_0007_Sistemas-de-automatizacion-industrial-1024x683.png 1024w, http:\/\/www.caime.es\/wp-content\/uploads\/2025\/05\/Imagenes-Blog-1500x1000_0007_Sistemas-de-automatizacion-industrial-768x512.png 768w\" sizes=\"auto, (max-width: 1500px) 100vw, 1500px\" \/><\/figure>\n<\/figure>\n<\/div>\n<\/div>\n<\/div>\n\n\n\n<div class=\"wp-block-group alignfull has-center-bottom-gradient-gradient-background has-background is-layout-constrained wp-block-group-is-layout-constrained\">\n<div style=\"height:100px\" aria-hidden=\"true\" class=\"wp-block-spacer\"><\/div>\n\n\n\n<div style=\"height:28px\" aria-hidden=\"true\" class=\"wp-block-spacer\"><\/div>\n\n\n\n<div class=\"wp-block-columns is-layout-flex wp-container-core-columns-is-layout-c6a03c77 wp-block-columns-is-layout-flex\" style=\"padding-right:var(--wp--preset--spacing--80);padding-left:var(--wp--preset--spacing--80)\">\n<div class=\"wp-block-column is-layout-flow wp-block-column-is-layout-flow\">\n<p class=\"has-light-color-color has-text-color has-link-color has-big-font-size wp-elements-e18441e1bf66e301239200a3d4c68d39\">A la hora del desarrollo de visualizaciones en paneles de operador u otros tipos de sistema de control se crearan interfaces sencillas e intuitivas que faciliten al m\u00e1ximo el trabajo con las mismas.<\/p>\n\n\n\n<p class=\"has-light-color-color has-text-color has-link-color has-big-font-size wp-elements-90243e883a6b777972ad8d3570adbdcb\">Montajes CAIME tambi\u00e9n ofrece la posibilidad de programaci\u00f3n y puesta en marcha de robots industriales.<\/p>\n<\/div>\n<\/div>\n\n\n\n<div style=\"height:100px\" aria-hidden=\"true\" class=\"wp-block-spacer\"><\/div>\n<\/div>\n\n\n\n<p><\/p>\n","protected":false},"excerpt":{"rendered":"<p>Automatizaci\u00f3n de procesos industriales Nuestro equipo de especialistas se encargar\u00e1 de desarrollar un software de control completamente adaptado a tus necesidades, teniendo en cuenta tanto los requisitos t\u00e9cnicos como las particularidades de tu actividad. Analizaremos contigo cada aspecto del proyecto para asegurarnos de que la soluci\u00f3n final no solo funcione correctamente, sino que tambi\u00e9n aporte&#8230;<\/p>\n","protected":false},"author":1,"featured_media":0,"parent":0,"menu_order":0,"comment_status":"closed","ping_status":"closed","template":"elementor_header_footer","meta":{"footnotes":""},"class_list":["post-304","page","type-page","status-publish","hentry"],"yoast_head":"<!-- This site is optimized with the Yoast SEO plugin v14.4.1 - https:\/\/yoast.com\/wordpress\/plugins\/seo\/ -->\n<meta name=\"description\" content=\"Automatizaci\u00f3n de procesos industriales Nuestro equipo de especialistas se encargar\u00e1 de desarrollar un software de control completamente adaptado a tus necesidades, teniendo en cuenta tanto los requisitos t\u00e9cnicos como las particularidades de tu actividad. Analizaremos contigo cada aspecto del proyecto para asegurarnos de que la soluci\u00f3n final no solo funcione correctamente, sino que tambi\u00e9n aporte...\" \/>\n<meta name=\"robots\" content=\"index, follow\" \/>\n<meta name=\"googlebot\" content=\"index, follow, max-snippet:-1, max-image-preview:large, max-video-preview:-1\" \/>\n<meta name=\"bingbot\" content=\"index, follow, max-snippet:-1, max-image-preview:large, max-video-preview:-1\" \/>\n<link rel=\"canonical\" href=\"http:\/\/www.caime.es\/index.php\/automatizacion-de-procesos-industriales-3\/\" \/>\n<meta property=\"og:locale\" content=\"en_US\" \/>\n<meta property=\"og:type\" content=\"article\" \/>\n<meta property=\"og:title\" content=\"Automatizaci\u00f3n de procesos industriales - CAIME\" \/>\n<meta property=\"og:description\" content=\"Automatizaci\u00f3n de procesos industriales Nuestro equipo de especialistas se encargar\u00e1 de desarrollar un software de control completamente adaptado a tus necesidades, teniendo en cuenta tanto los requisitos t\u00e9cnicos como las particularidades de tu actividad. Analizaremos contigo cada aspecto del proyecto para asegurarnos de que la soluci\u00f3n final no solo funcione correctamente, sino que tambi\u00e9n aporte...\" \/>\n<meta property=\"og:url\" content=\"http:\/\/www.caime.es\/index.php\/automatizacion-de-procesos-industriales-3\/\" \/>\n<meta property=\"og:site_name\" content=\"CAIME\" \/>\n<meta property=\"article:modified_time\" content=\"2025-07-23T09:27:59+00:00\" \/>\n<meta property=\"og:image\" content=\"http:\/\/www.caime.es\/wp-content\/uploads\/2025\/05\/Imagenes-Blog-1500x1000_0007_Sistemas-de-automatizacion-industrial.png\" \/>\n<meta name=\"twitter:card\" content=\"summary_large_image\" \/>\n<script type=\"application\/ld+json\" class=\"yoast-schema-graph\">{\"@context\":\"https:\/\/schema.org\",\"@graph\":[{\"@type\":\"WebSite\",\"@id\":\"http:\/\/www.caime.es\/#website\",\"url\":\"http:\/\/www.caime.es\/\",\"name\":\"CAIME\",\"description\":\"Ayudamos a automatizar y mejorar la eficiencia operativa mediante soluciones que optimizan los procesos y el manejo de datos en tiempo real.\",\"potentialAction\":[{\"@type\":\"SearchAction\",\"target\":\"http:\/\/www.caime.es\/?s={search_term_string}\",\"query-input\":\"required name=search_term_string\"}],\"inLanguage\":\"en-US\"},{\"@type\":\"ImageObject\",\"@id\":\"http:\/\/www.caime.es\/index.php\/automatizacion-de-procesos-industriales-3\/#primaryimage\",\"inLanguage\":\"en-US\",\"url\":\"http:\/\/www.caime.es\/wp-content\/uploads\/2025\/05\/Imagenes-Blog-1500x1000_0007_Sistemas-de-automatizacion-industrial.png\",\"width\":1500,\"height\":1000},{\"@type\":\"WebPage\",\"@id\":\"http:\/\/www.caime.es\/index.php\/automatizacion-de-procesos-industriales-3\/#webpage\",\"url\":\"http:\/\/www.caime.es\/index.php\/automatizacion-de-procesos-industriales-3\/\",\"name\":\"Automatizaci\\u00f3n de procesos industriales - CAIME\",\"isPartOf\":{\"@id\":\"http:\/\/www.caime.es\/#website\"},\"primaryImageOfPage\":{\"@id\":\"http:\/\/www.caime.es\/index.php\/automatizacion-de-procesos-industriales-3\/#primaryimage\"},\"datePublished\":\"2020-07-07T07:28:02+00:00\",\"dateModified\":\"2025-07-23T09:27:59+00:00\",\"inLanguage\":\"en-US\",\"potentialAction\":[{\"@type\":\"ReadAction\",\"target\":[\"http:\/\/www.caime.es\/index.php\/automatizacion-de-procesos-industriales-3\/\"]}]}]}<\/script>\n<!-- \/ Yoast SEO plugin. -->","_links":{"self":[{"href":"http:\/\/www.caime.es\/index.php\/wp-json\/wp\/v2\/pages\/304","targetHints":{"allow":["GET"]}}],"collection":[{"href":"http:\/\/www.caime.es\/index.php\/wp-json\/wp\/v2\/pages"}],"about":[{"href":"http:\/\/www.caime.es\/index.php\/wp-json\/wp\/v2\/types\/page"}],"author":[{"embeddable":true,"href":"http:\/\/www.caime.es\/index.php\/wp-json\/wp\/v2\/users\/1"}],"replies":[{"embeddable":true,"href":"http:\/\/www.caime.es\/index.php\/wp-json\/wp\/v2\/comments?post=304"}],"version-history":[{"count":12,"href":"http:\/\/www.caime.es\/index.php\/wp-json\/wp\/v2\/pages\/304\/revisions"}],"predecessor-version":[{"id":665,"href":"http:\/\/www.caime.es\/index.php\/wp-json\/wp\/v2\/pages\/304\/revisions\/665"}],"wp:attachment":[{"href":"http:\/\/www.caime.es\/index.php\/wp-json\/wp\/v2\/media?parent=304"}],"curies":[{"name":"wp","href":"https:\/\/api.w.org\/{rel}","templated":true}]}}