{"id":301,"date":"2020-07-07T07:15:07","date_gmt":"2020-07-07T07:15:07","guid":{"rendered":"http:\/\/www.caime.es\/?page_id=301"},"modified":"2025-07-23T09:22:51","modified_gmt":"2025-07-23T09:22:51","slug":"sistemas-de-control","status":"publish","type":"page","link":"http:\/\/www.caime.es\/index.php\/sistemas-de-control\/","title":{"rendered":"Sistemas de control"},"content":{"rendered":"\n<div class=\"wp-block-group alignfull is-style-saaslauncher-gradient-border has-center-gradient-gradient-background has-background is-layout-constrained wp-container-core-group-is-layout-5c53b157 wp-block-group-is-layout-constrained\" style=\"margin-top:0;margin-bottom:0;padding-top:0;padding-right:0;padding-bottom:0;padding-left:0\">\n<div class=\"wp-block-cover is-light\" style=\"margin-top:0px;padding-top:var(--wp--preset--spacing--80);padding-right:var(--wp--preset--spacing--40);padding-bottom:var(--wp--preset--spacing--40);padding-left:var(--wp--preset--spacing--40);min-height:640px;aspect-ratio:unset;\"><span aria-hidden=\"true\" class=\"wp-block-cover__background has-background-dim-0 has-background-dim\"><\/span><div class=\"wp-block-cover__inner-container is-layout-constrained wp-container-core-cover-is-layout-ab07d437 wp-block-cover-is-layout-constrained\">\n<div class=\"wp-block-group is-content-justification-center is-nowrap is-layout-flex wp-container-core-group-is-layout-23441af8 wp-block-group-is-layout-flex\">\n<div class=\"wp-block-group is-style-saaslauncher-gradient-border has-dark-shade-background-color has-background is-layout-constrained wp-container-core-group-is-layout-bccc2d18 wp-block-group-is-layout-constrained\" style=\"border-width:1px;border-radius:60px;padding-top:3px;padding-right:12px;padding-bottom:3px;padding-left:12px\">\n<h5 class=\"wp-block-heading has-light-color-color has-text-color has-link-color has-small-font-size wp-elements-b5bd5bb7dbde74d7953013f31a6464ef\">Contamos con mas de &#8220;X&#8221; Clientes<\/h5>\n<\/div>\n<\/div>\n\n\n\n<div class=\"wp-block-group is-layout-constrained wp-container-core-group-is-layout-df136b94 wp-block-group-is-layout-constrained\" style=\"margin-top:20px;margin-bottom:0\">\n<h1 class=\"wp-block-heading has-text-align-center saaslauncher-big-title has-light-color-color has-text-color has-link-color wp-elements-ddee85d855133e8ff16149f36a57d40a\" style=\"font-size:clamp(43.728px, 2.733rem + ((1vw - 3.2px) * 2.456), 84px);font-style:normal;font-weight:600;line-height:1.3\">SISTEMAS DE CONTROL<\/h1>\n\n\n\n<p class=\"has-text-align-center has-foreground-alt-color has-text-color has-link-color has-medium-font-size wp-elements-808ecee2a4c5c491d605212281514ac8\" style=\"line-height:1.5\"><strong>DESARROLLO SCADA Y DE GESTI\u00d3N DE DATOS EN PROCESOS INDUSTRIALES<\/strong><\/p>\n<\/div>\n\n\n\n<div class=\"wp-block-buttons is-style-button-zoom-on-hover is-content-justification-center is-layout-flex wp-container-core-buttons-is-layout-9ad3a40f wp-block-buttons-is-layout-flex\" style=\"margin-top:44px\">\n<div class=\"wp-block-button is-style-button-with-uparrow-icon\"><a class=\"wp-block-button__link has-gradient-twelve-gradient-background has-background has-medium-font-size has-custom-font-size wp-element-button\" href=\"http:\/\/www.caime.es\/index.php\/contacto\/\" style=\"border-style:none;border-width:0px;border-radius:60px;padding-top:24px;padding-right:40px;padding-bottom:24px;padding-left:40px\">\u00a1Cont\u00e1ctanos!<\/a><\/div>\n<\/div>\n\n\n\n<div style=\"height:69px\" aria-hidden=\"true\" class=\"wp-block-spacer\"><\/div>\n<\/div><\/div>\n<\/div>\n\n\n\n<div class=\"wp-block-columns alignfull are-vertically-aligned-center is-style-saaslauncher-boxshadow-hover has-gradient-eight-gradient-background has-background is-layout-flex wp-container-core-columns-is-layout-10f152b4 wp-block-columns-is-layout-flex\" style=\"margin-top:0;margin-bottom:0;padding-right:var(--wp--preset--spacing--80);padding-left:var(--wp--preset--spacing--80)\">\n<div class=\"wp-block-column is-vertically-aligned-center is-layout-flow wp-block-column-is-layout-flow\">\n<div class=\"wp-block-group is-content-justification-right is-layout-constrained wp-container-core-group-is-layout-f9a05951 wp-block-group-is-layout-constrained\" style=\"padding-top:var(--wp--preset--spacing--40);padding-right:var(--wp--preset--spacing--40);padding-bottom:var(--wp--preset--spacing--40);padding-left:var(--wp--preset--spacing--40)\">\n<div class=\"wp-block-group is-content-justification-left is-nowrap is-layout-flex wp-container-core-group-is-layout-2383ff3b wp-block-group-is-layout-flex\" style=\"margin-bottom:24px\">\n<div class=\"wp-block-group is-style-saaslauncher-gradient-border has-dark-shade-background-color has-background is-layout-constrained wp-container-core-group-is-layout-bccc2d18 wp-block-group-is-layout-constrained\" style=\"border-width:1px;border-radius:60px;padding-top:3px;padding-right:12px;padding-bottom:3px;padding-left:12px\">\n<h5 class=\"wp-block-heading has-light-color-color has-text-color has-link-color has-medium-font-size wp-elements-685a6da07f0046e93d8a24175f62bf01\">Sistemas de control<\/h5>\n<\/div>\n<\/div>\n\n\n\n<div class=\"wp-block-columns is-layout-flex wp-container-core-columns-is-layout-28f84493 wp-block-columns-is-layout-flex\">\n<div class=\"wp-block-column is-layout-flow wp-block-column-is-layout-flow\">\n<p class=\"has-light-color-color has-text-color has-link-color has-medium-font-size wp-elements-c6be01f5a4d540e1b99b1b99b4d14a39\">Nuestro equipo de expertos desarrolla <strong>sistemas de control industrial<\/strong> de alta precisi\u00f3n, dise\u00f1ados para automatizar y optimizar tus procesos. Dise\u00f1amos <strong>sistemas SCADA<\/strong> avanzados con las principales marcas del mercado, como <strong>Wonderware<\/strong>, <strong>InduSoft<\/strong> y <strong>Siemens<\/strong>, para garantizar la supervisi\u00f3n y control en tiempo real de todos los equipos involucrados en el proceso.<\/p>\n\n\n\n<p class=\"has-light-color-color has-text-color has-link-color has-medium-font-size wp-elements-8da5131589de40f786c8b88c9120cbfa\">Implementamos <strong>soluciones de almacenamiento de datos<\/strong> mediante <strong>servidores OPC<\/strong>, facilitando la <strong>interoperabilidad<\/strong> entre diferentes dispositivos y la recopilaci\u00f3n de datos de producci\u00f3n. Adem\u00e1s, ofrecemos la <strong>generaci\u00f3n autom\u00e1tica de informes<\/strong> que permiten un an\u00e1lisis eficiente y en tiempo real de la producci\u00f3n, mejorando la toma de decisiones y la <strong>eficiencia operativa<\/strong>.<\/p>\n<\/div>\n<\/div>\n\n\n\n<p class=\"has-light-color-color has-text-color has-link-color has-medium-font-size wp-elements-49cb1a8360a78c5482062a4abc56cb37\"><\/p>\n\n\n\n<p class=\"has-light-color-color has-text-color has-link-color has-medium-font-size wp-elements-49cb1a8360a78c5482062a4abc56cb37\"><\/p>\n<\/div>\n<\/div>\n\n\n\n<div class=\"wp-block-column is-vertically-aligned-center is-layout-flow wp-container-core-column-is-layout-e2de4f44 wp-block-column-is-layout-flow\" style=\"padding-top:0;padding-right:var(--wp--preset--spacing--80);padding-bottom:0;padding-left:var(--wp--preset--spacing--80);flex-basis:25%\">\n<figure class=\"wp-block-gallery has-nested-images columns-default is-cropped is-style-default wp-block-gallery-1 is-layout-flex wp-block-gallery-is-layout-flex\" style=\"padding-top:0;padding-right:0;padding-bottom:0;padding-left:0\">\n<figure class=\"wp-block-image aligncenter size-large has-custom-border is-style-default\"><img loading=\"lazy\" decoding=\"async\" width=\"683\" height=\"1024\" data-id=\"481\" src=\"http:\/\/www.caime.es\/wp-content\/uploads\/2025\/05\/pexels-marianna-zuzanna-498248397-16442680-683x1024.jpg\" alt=\"\" class=\"wp-image-481\" style=\"border-radius:10px\" srcset=\"http:\/\/www.caime.es\/wp-content\/uploads\/2025\/05\/pexels-marianna-zuzanna-498248397-16442680-683x1024.jpg 683w, http:\/\/www.caime.es\/wp-content\/uploads\/2025\/05\/pexels-marianna-zuzanna-498248397-16442680-200x300.jpg 200w, http:\/\/www.caime.es\/wp-content\/uploads\/2025\/05\/pexels-marianna-zuzanna-498248397-16442680-768x1152.jpg 768w, http:\/\/www.caime.es\/wp-content\/uploads\/2025\/05\/pexels-marianna-zuzanna-498248397-16442680-1024x1536.jpg 1024w, http:\/\/www.caime.es\/wp-content\/uploads\/2025\/05\/pexels-marianna-zuzanna-498248397-16442680-1365x2048.jpg 1365w, http:\/\/www.caime.es\/wp-content\/uploads\/2025\/05\/pexels-marianna-zuzanna-498248397-16442680-scaled.jpg 1707w\" sizes=\"auto, (max-width: 683px) 100vw, 683px\" \/><\/figure>\n<\/figure>\n\n\n\n<div style=\"height:179px\" aria-hidden=\"true\" class=\"wp-block-spacer\"><\/div>\n<\/div>\n<\/div>\n\n\n\n<p><\/p>\n","protected":false},"excerpt":{"rendered":"<p>Sistemas de control Nuestro equipo de expertos desarrolla sistemas de control industrial de alta precisi\u00f3n, dise\u00f1ados para automatizar y optimizar tus procesos. Dise\u00f1amos sistemas SCADA avanzados con las principales marcas del mercado, como Wonderware, InduSoft y Siemens, para garantizar la supervisi\u00f3n y control en tiempo real de todos los equipos involucrados en el proceso. Implementamos&#8230;<\/p>\n","protected":false},"author":1,"featured_media":0,"parent":0,"menu_order":0,"comment_status":"closed","ping_status":"closed","template":"elementor_header_footer","meta":{"footnotes":""},"class_list":["post-301","page","type-page","status-publish","hentry"],"yoast_head":"<!-- This site is optimized with the Yoast SEO plugin v14.4.1 - https:\/\/yoast.com\/wordpress\/plugins\/seo\/ -->\n<meta name=\"description\" content=\"Sistemas de control Nuestro equipo de expertos desarrolla sistemas de control industrial de alta precisi\u00f3n, dise\u00f1ados para automatizar y optimizar tus procesos. Dise\u00f1amos sistemas SCADA avanzados con las principales marcas del mercado, como Wonderware, InduSoft y Siemens, para garantizar la supervisi\u00f3n y control en tiempo real de todos los equipos involucrados en el proceso. Implementamos...\" \/>\n<meta name=\"robots\" content=\"index, follow\" \/>\n<meta name=\"googlebot\" content=\"index, follow, max-snippet:-1, max-image-preview:large, max-video-preview:-1\" \/>\n<meta name=\"bingbot\" content=\"index, follow, max-snippet:-1, max-image-preview:large, max-video-preview:-1\" \/>\n<link rel=\"canonical\" href=\"http:\/\/www.caime.es\/index.php\/sistemas-de-control\/\" \/>\n<meta property=\"og:locale\" content=\"en_US\" \/>\n<meta property=\"og:type\" content=\"article\" \/>\n<meta property=\"og:title\" content=\"Sistemas de control - CAIME\" \/>\n<meta property=\"og:description\" content=\"Sistemas de control Nuestro equipo de expertos desarrolla sistemas de control industrial de alta precisi\u00f3n, dise\u00f1ados para automatizar y optimizar tus procesos. Dise\u00f1amos sistemas SCADA avanzados con las principales marcas del mercado, como Wonderware, InduSoft y Siemens, para garantizar la supervisi\u00f3n y control en tiempo real de todos los equipos involucrados en el proceso. Implementamos...\" \/>\n<meta property=\"og:url\" content=\"http:\/\/www.caime.es\/index.php\/sistemas-de-control\/\" \/>\n<meta property=\"og:site_name\" content=\"CAIME\" \/>\n<meta property=\"article:modified_time\" content=\"2025-07-23T09:22:51+00:00\" \/>\n<meta property=\"og:image\" content=\"http:\/\/www.caime.es\/wp-content\/uploads\/2025\/05\/pexels-marianna-zuzanna-498248397-16442680-683x1024.jpg\" \/>\n<meta name=\"twitter:card\" content=\"summary_large_image\" \/>\n<script type=\"application\/ld+json\" class=\"yoast-schema-graph\">{\"@context\":\"https:\/\/schema.org\",\"@graph\":[{\"@type\":\"WebSite\",\"@id\":\"http:\/\/www.caime.es\/#website\",\"url\":\"http:\/\/www.caime.es\/\",\"name\":\"CAIME\",\"description\":\"Ayudamos a automatizar y mejorar la eficiencia operativa mediante soluciones que optimizan los procesos y el manejo de datos en tiempo real.\",\"potentialAction\":[{\"@type\":\"SearchAction\",\"target\":\"http:\/\/www.caime.es\/?s={search_term_string}\",\"query-input\":\"required name=search_term_string\"}],\"inLanguage\":\"en-US\"},{\"@type\":\"ImageObject\",\"@id\":\"http:\/\/www.caime.es\/index.php\/sistemas-de-control\/#primaryimage\",\"inLanguage\":\"en-US\",\"url\":\"http:\/\/www.caime.es\/wp-content\/uploads\/2025\/05\/pexels-marianna-zuzanna-498248397-16442680-683x1024.jpg\"},{\"@type\":\"WebPage\",\"@id\":\"http:\/\/www.caime.es\/index.php\/sistemas-de-control\/#webpage\",\"url\":\"http:\/\/www.caime.es\/index.php\/sistemas-de-control\/\",\"name\":\"Sistemas de control - CAIME\",\"isPartOf\":{\"@id\":\"http:\/\/www.caime.es\/#website\"},\"primaryImageOfPage\":{\"@id\":\"http:\/\/www.caime.es\/index.php\/sistemas-de-control\/#primaryimage\"},\"datePublished\":\"2020-07-07T07:15:07+00:00\",\"dateModified\":\"2025-07-23T09:22:51+00:00\",\"inLanguage\":\"en-US\",\"potentialAction\":[{\"@type\":\"ReadAction\",\"target\":[\"http:\/\/www.caime.es\/index.php\/sistemas-de-control\/\"]}]}]}<\/script>\n<!-- \/ Yoast SEO plugin. -->","_links":{"self":[{"href":"http:\/\/www.caime.es\/index.php\/wp-json\/wp\/v2\/pages\/301","targetHints":{"allow":["GET"]}}],"collection":[{"href":"http:\/\/www.caime.es\/index.php\/wp-json\/wp\/v2\/pages"}],"about":[{"href":"http:\/\/www.caime.es\/index.php\/wp-json\/wp\/v2\/types\/page"}],"author":[{"embeddable":true,"href":"http:\/\/www.caime.es\/index.php\/wp-json\/wp\/v2\/users\/1"}],"replies":[{"embeddable":true,"href":"http:\/\/www.caime.es\/index.php\/wp-json\/wp\/v2\/comments?post=301"}],"version-history":[{"count":8,"href":"http:\/\/www.caime.es\/index.php\/wp-json\/wp\/v2\/pages\/301\/revisions"}],"predecessor-version":[{"id":661,"href":"http:\/\/www.caime.es\/index.php\/wp-json\/wp\/v2\/pages\/301\/revisions\/661"}],"wp:attachment":[{"href":"http:\/\/www.caime.es\/index.php\/wp-json\/wp\/v2\/media?parent=301"}],"curies":[{"name":"wp","href":"https:\/\/api.w.org\/{rel}","templated":true}]}}