{"id":296,"date":"2020-07-07T07:11:44","date_gmt":"2020-07-07T07:11:44","guid":{"rendered":"http:\/\/www.caime.es\/?page_id=296"},"modified":"2025-07-23T09:23:57","modified_gmt":"2025-07-23T09:23:57","slug":"mecanica-industrial","status":"publish","type":"page","link":"http:\/\/www.caime.es\/index.php\/mecanica-industrial\/","title":{"rendered":"Mec\u00e1nica Industrial"},"content":{"rendered":"\n<div class=\"wp-block-group alignfull is-style-saaslauncher-gradient-border has-center-gradient-gradient-background has-background is-layout-constrained wp-container-core-group-is-layout-5c53b157 wp-block-group-is-layout-constrained\" style=\"margin-top:0;margin-bottom:0;padding-top:0;padding-right:0;padding-bottom:0;padding-left:0\">\n<div class=\"wp-block-cover is-light\" style=\"margin-top:0px;padding-top:var(--wp--preset--spacing--80);padding-right:var(--wp--preset--spacing--40);padding-bottom:var(--wp--preset--spacing--40);padding-left:var(--wp--preset--spacing--40);min-height:640px;aspect-ratio:unset;\"><span aria-hidden=\"true\" class=\"wp-block-cover__background has-background-dim-0 has-background-dim\"><\/span><div class=\"wp-block-cover__inner-container is-layout-constrained wp-container-core-cover-is-layout-ab07d437 wp-block-cover-is-layout-constrained\">\n<div class=\"wp-block-group is-content-justification-center is-nowrap is-layout-flex wp-container-core-group-is-layout-23441af8 wp-block-group-is-layout-flex\">\n<div class=\"wp-block-group is-style-saaslauncher-gradient-border has-dark-shade-background-color has-background is-layout-constrained wp-container-core-group-is-layout-bccc2d18 wp-block-group-is-layout-constrained\" style=\"border-width:1px;border-radius:60px;padding-top:3px;padding-right:12px;padding-bottom:3px;padding-left:12px\">\n<h5 class=\"wp-block-heading has-light-color-color has-text-color has-link-color has-small-font-size wp-elements-b5bd5bb7dbde74d7953013f31a6464ef\">Contamos con mas de &#8220;X&#8221; Clientes<\/h5>\n<\/div>\n<\/div>\n\n\n\n<div class=\"wp-block-group is-layout-constrained wp-container-core-group-is-layout-df136b94 wp-block-group-is-layout-constrained\" style=\"margin-top:20px;margin-bottom:0\">\n<h1 class=\"wp-block-heading has-text-align-center saaslauncher-big-title has-light-color-color has-text-color has-link-color wp-elements-e81fc46db78d85f3078f24ead0a02442\" style=\"font-size:clamp(43.728px, 2.733rem + ((1vw - 3.2px) * 2.456), 84px);font-style:normal;font-weight:600;line-height:1.3\">Mec\u00e1nica Industrial<\/h1>\n\n\n\n<p class=\"has-text-align-center has-foreground-alt-color has-text-color has-link-color has-medium-font-size wp-elements-9310c0042de8a9944a84761d4335c8d4\" style=\"line-height:1.5\"><strong>ROBUSTEZ, FIABILIDAD Y FLEXIBILIDAD<\/strong><\/p>\n<\/div>\n\n\n\n<div class=\"wp-block-buttons is-style-button-zoom-on-hover is-content-justification-center is-layout-flex wp-container-core-buttons-is-layout-9ad3a40f wp-block-buttons-is-layout-flex\" style=\"margin-top:44px\">\n<div class=\"wp-block-button is-style-button-with-uparrow-icon\"><a class=\"wp-block-button__link has-gradient-twelve-gradient-background has-background has-medium-font-size has-custom-font-size wp-element-button\" style=\"border-style:none;border-width:0px;border-radius:60px;padding-top:24px;padding-right:40px;padding-bottom:24px;padding-left:40px\">\u00a1Cont\u00e1ctanos!<\/a><\/div>\n<\/div>\n\n\n\n<div style=\"height:69px\" aria-hidden=\"true\" class=\"wp-block-spacer\"><\/div>\n<\/div><\/div>\n<\/div>\n\n\n\n<div class=\"wp-block-columns alignfull are-vertically-aligned-center is-style-saaslauncher-boxshadow-hover has-gradient-eight-gradient-background has-background is-layout-flex wp-container-core-columns-is-layout-10f152b4 wp-block-columns-is-layout-flex\" style=\"margin-top:0;margin-bottom:0;padding-right:var(--wp--preset--spacing--80);padding-left:var(--wp--preset--spacing--80)\">\n<div class=\"wp-block-column is-vertically-aligned-center is-layout-flow wp-block-column-is-layout-flow\">\n<div class=\"wp-block-group is-content-justification-right is-layout-constrained wp-container-core-group-is-layout-f9a05951 wp-block-group-is-layout-constrained\" style=\"padding-top:var(--wp--preset--spacing--40);padding-right:var(--wp--preset--spacing--40);padding-bottom:var(--wp--preset--spacing--40);padding-left:var(--wp--preset--spacing--40)\">\n<div class=\"wp-block-group is-content-justification-left is-nowrap is-layout-flex wp-container-core-group-is-layout-2383ff3b wp-block-group-is-layout-flex\" style=\"margin-bottom:24px\">\n<div class=\"wp-block-group is-style-saaslauncher-gradient-border has-dark-shade-background-color has-background is-layout-constrained wp-container-core-group-is-layout-bccc2d18 wp-block-group-is-layout-constrained\" style=\"border-width:1px;border-radius:60px;padding-top:3px;padding-right:12px;padding-bottom:3px;padding-left:12px\">\n<h5 class=\"wp-block-heading has-light-color-color has-text-color has-link-color has-medium-font-size wp-elements-d528fe4370308888576e220e595582cd\"><strong>Soluciones Mec\u00e1nicas Robustas y Precisas para Todo Tipo de Proyectos<\/strong><\/h5>\n<\/div>\n<\/div>\n\n\n\n<p class=\"has-light-color-color has-text-color has-link-color has-medium-font-size wp-elements-c355123df47bac95f0c828539d321f03\" style=\"margin-bottom:28px\">En nuestra empresa, ofrecemos <strong>soluciones mec\u00e1nicas personalizadas<\/strong>, dise\u00f1adas para cumplir con los m\u00e1s altos est\u00e1ndares de <strong>robustez<\/strong> y <strong>precisi\u00f3n<\/strong>. Nos especializamos en proyectos de ingenier\u00eda de todo tipo, garantizando que cada uno se adapte perfectamente a las necesidades y requisitos espec\u00edficos de nuestros clientes. A trav\u00e9s de un exhaustivo <strong>estudio previo<\/strong> y el uso de avanzados <strong>dise\u00f1os en 3D<\/strong>, nos aseguramos de ofrecer la <strong>mejor soluci\u00f3n mec\u00e1nica<\/strong> para cada desaf\u00edo, proporcionando resultados eficientes y duraderos.<\/p>\n\n\n\n<p class=\"has-light-color-color has-text-color has-link-color has-medium-font-size wp-elements-1a0298cfe5659641ba29c9f8a4f509da\">Durante el desarrollo de cada proyecto, mantenemos una <strong>comunicaci\u00f3n fluida y constante<\/strong> con los departamentos el\u00e9ctricos y de desarrollo de software. Esto nos permite anticipar y prever posibles obst\u00e1culos, lo que resulta en una ejecuci\u00f3n m\u00e1s eficiente y en soluciones m\u00e1s ajustadas a las necesidades t\u00e9cnicas y funcionales de cada cliente. Nuestra capacidad para integrar distintas disciplinas t\u00e9cnicas asegura un enfoque <strong>multidisciplinario<\/strong> y una <strong>gesti\u00f3n de proyectos efectiva<\/strong> que optimiza el proceso de dise\u00f1o y fabricaci\u00f3n.<\/p>\n\n\n\n<p class=\"has-light-color-color has-text-color has-link-color has-medium-font-size wp-elements-513e3cd3f24d806725c4ce2c11938885\" style=\"margin-bottom:28px\">Si buscas una <strong>soluci\u00f3n mec\u00e1nica confiable y adaptada a tus necesidades espec\u00edficas<\/strong>, nuestros <strong>expertos en ingenier\u00eda<\/strong> est\u00e1n listos para proporcionarte los mejores resultados. Ya sea que tu proyecto requiera de <strong>tecnolog\u00eda avanzada<\/strong>, <strong>innovaci\u00f3n<\/strong> o <strong>precisi\u00f3n<\/strong> en los detalles, tenemos la experiencia y el equipo necesarios para llevarlo a cabo.<\/p>\n\n\n\n<p class=\"has-light-color-color has-text-color has-link-color has-medium-font-size wp-elements-8cafa97109c9e66b3cf376138fd129f1\" style=\"margin-bottom:28px\"><\/p>\n\n\n\n<p class=\"has-light-color-color has-text-color has-link-color has-medium-font-size wp-elements-49cb1a8360a78c5482062a4abc56cb37\"><\/p>\n\n\n\n<p class=\"has-light-color-color has-text-color has-link-color has-medium-font-size wp-elements-49cb1a8360a78c5482062a4abc56cb37\"><\/p>\n<\/div>\n<\/div>\n\n\n\n<div class=\"wp-block-column is-vertically-aligned-center is-layout-flow wp-block-column-is-layout-flow\" style=\"flex-basis:50%\">\n<figure class=\"wp-block-gallery has-nested-images columns-default is-cropped wp-block-gallery-1 is-layout-flex wp-block-gallery-is-layout-flex\">\n<figure class=\"wp-block-image aligncenter size-full has-custom-border is-style-default\"><img loading=\"lazy\" decoding=\"async\" width=\"2560\" height=\"1707\" data-id=\"475\" src=\"http:\/\/www.caime.es\/wp-content\/uploads\/2025\/05\/pexels-magda-ehlers-pexels-2569842-1-scaled.jpg\" alt=\"\" class=\"wp-image-475\" style=\"border-radius:10px\" srcset=\"http:\/\/www.caime.es\/wp-content\/uploads\/2025\/05\/pexels-magda-ehlers-pexels-2569842-1-scaled.jpg 2560w, http:\/\/www.caime.es\/wp-content\/uploads\/2025\/05\/pexels-magda-ehlers-pexels-2569842-1-300x200.jpg 300w, http:\/\/www.caime.es\/wp-content\/uploads\/2025\/05\/pexels-magda-ehlers-pexels-2569842-1-1024x683.jpg 1024w, http:\/\/www.caime.es\/wp-content\/uploads\/2025\/05\/pexels-magda-ehlers-pexels-2569842-1-768x512.jpg 768w, http:\/\/www.caime.es\/wp-content\/uploads\/2025\/05\/pexels-magda-ehlers-pexels-2569842-1-1536x1024.jpg 1536w, http:\/\/www.caime.es\/wp-content\/uploads\/2025\/05\/pexels-magda-ehlers-pexels-2569842-1-2048x1365.jpg 2048w\" sizes=\"auto, (max-width: 2560px) 100vw, 2560px\" \/><\/figure>\n<\/figure>\n\n\n\n<div style=\"height:179px\" aria-hidden=\"true\" class=\"wp-block-spacer\"><\/div>\n<\/div>\n<\/div>\n\n\n\n<p><\/p>\n","protected":false},"excerpt":{"rendered":"<p>Soluciones Mec\u00e1nicas Robustas y Precisas para Todo Tipo de Proyectos En nuestra empresa, ofrecemos soluciones mec\u00e1nicas personalizadas, dise\u00f1adas para cumplir con los m\u00e1s altos est\u00e1ndares de robustez y precisi\u00f3n. Nos especializamos en proyectos de ingenier\u00eda de todo tipo, garantizando que cada uno se adapte perfectamente a las necesidades y requisitos espec\u00edficos de nuestros clientes. A&#8230;<\/p>\n","protected":false},"author":1,"featured_media":0,"parent":0,"menu_order":0,"comment_status":"closed","ping_status":"closed","template":"elementor_header_footer","meta":{"footnotes":""},"class_list":["post-296","page","type-page","status-publish","hentry"],"yoast_head":"<!-- This site is optimized with the Yoast SEO plugin v14.4.1 - https:\/\/yoast.com\/wordpress\/plugins\/seo\/ -->\n<meta name=\"description\" content=\"Soluciones Mec\u00e1nicas Robustas y Precisas para Todo Tipo de Proyectos En nuestra empresa, ofrecemos soluciones mec\u00e1nicas personalizadas, dise\u00f1adas para cumplir con los m\u00e1s altos est\u00e1ndares de robustez y precisi\u00f3n. Nos especializamos en proyectos de ingenier\u00eda de todo tipo, garantizando que cada uno se adapte perfectamente a las necesidades y requisitos espec\u00edficos de nuestros clientes. A...\" \/>\n<meta name=\"robots\" content=\"index, follow\" \/>\n<meta name=\"googlebot\" content=\"index, follow, max-snippet:-1, max-image-preview:large, max-video-preview:-1\" \/>\n<meta name=\"bingbot\" content=\"index, follow, max-snippet:-1, max-image-preview:large, max-video-preview:-1\" \/>\n<link rel=\"canonical\" href=\"http:\/\/www.caime.es\/index.php\/mecanica-industrial\/\" \/>\n<meta property=\"og:locale\" content=\"en_US\" \/>\n<meta property=\"og:type\" content=\"article\" \/>\n<meta property=\"og:title\" content=\"Mec\u00e1nica Industrial - CAIME\" \/>\n<meta property=\"og:description\" content=\"Soluciones Mec\u00e1nicas Robustas y Precisas para Todo Tipo de Proyectos En nuestra empresa, ofrecemos soluciones mec\u00e1nicas personalizadas, dise\u00f1adas para cumplir con los m\u00e1s altos est\u00e1ndares de robustez y precisi\u00f3n. Nos especializamos en proyectos de ingenier\u00eda de todo tipo, garantizando que cada uno se adapte perfectamente a las necesidades y requisitos espec\u00edficos de nuestros clientes. A...\" \/>\n<meta property=\"og:url\" content=\"http:\/\/www.caime.es\/index.php\/mecanica-industrial\/\" \/>\n<meta property=\"og:site_name\" content=\"CAIME\" \/>\n<meta property=\"article:modified_time\" content=\"2025-07-23T09:23:57+00:00\" \/>\n<meta property=\"og:image\" content=\"http:\/\/www.caime.es\/wp-content\/uploads\/2025\/05\/pexels-magda-ehlers-pexels-2569842-1-scaled.jpg\" \/>\n<meta name=\"twitter:card\" content=\"summary_large_image\" \/>\n<script type=\"application\/ld+json\" class=\"yoast-schema-graph\">{\"@context\":\"https:\/\/schema.org\",\"@graph\":[{\"@type\":\"WebSite\",\"@id\":\"http:\/\/www.caime.es\/#website\",\"url\":\"http:\/\/www.caime.es\/\",\"name\":\"CAIME\",\"description\":\"Ayudamos a automatizar y mejorar la eficiencia operativa mediante soluciones que optimizan los procesos y el manejo de datos en tiempo real.\",\"potentialAction\":[{\"@type\":\"SearchAction\",\"target\":\"http:\/\/www.caime.es\/?s={search_term_string}\",\"query-input\":\"required name=search_term_string\"}],\"inLanguage\":\"en-US\"},{\"@type\":\"ImageObject\",\"@id\":\"http:\/\/www.caime.es\/index.php\/mecanica-industrial\/#primaryimage\",\"inLanguage\":\"en-US\",\"url\":\"http:\/\/www.caime.es\/wp-content\/uploads\/2025\/05\/pexels-magda-ehlers-pexels-2569842-1-scaled.jpg\",\"width\":2560,\"height\":1707},{\"@type\":\"WebPage\",\"@id\":\"http:\/\/www.caime.es\/index.php\/mecanica-industrial\/#webpage\",\"url\":\"http:\/\/www.caime.es\/index.php\/mecanica-industrial\/\",\"name\":\"Mec\\u00e1nica Industrial - CAIME\",\"isPartOf\":{\"@id\":\"http:\/\/www.caime.es\/#website\"},\"primaryImageOfPage\":{\"@id\":\"http:\/\/www.caime.es\/index.php\/mecanica-industrial\/#primaryimage\"},\"datePublished\":\"2020-07-07T07:11:44+00:00\",\"dateModified\":\"2025-07-23T09:23:57+00:00\",\"inLanguage\":\"en-US\",\"potentialAction\":[{\"@type\":\"ReadAction\",\"target\":[\"http:\/\/www.caime.es\/index.php\/mecanica-industrial\/\"]}]}]}<\/script>\n<!-- \/ Yoast SEO plugin. -->","_links":{"self":[{"href":"http:\/\/www.caime.es\/index.php\/wp-json\/wp\/v2\/pages\/296","targetHints":{"allow":["GET"]}}],"collection":[{"href":"http:\/\/www.caime.es\/index.php\/wp-json\/wp\/v2\/pages"}],"about":[{"href":"http:\/\/www.caime.es\/index.php\/wp-json\/wp\/v2\/types\/page"}],"author":[{"embeddable":true,"href":"http:\/\/www.caime.es\/index.php\/wp-json\/wp\/v2\/users\/1"}],"replies":[{"embeddable":true,"href":"http:\/\/www.caime.es\/index.php\/wp-json\/wp\/v2\/comments?post=296"}],"version-history":[{"count":6,"href":"http:\/\/www.caime.es\/index.php\/wp-json\/wp\/v2\/pages\/296\/revisions"}],"predecessor-version":[{"id":663,"href":"http:\/\/www.caime.es\/index.php\/wp-json\/wp\/v2\/pages\/296\/revisions\/663"}],"wp:attachment":[{"href":"http:\/\/www.caime.es\/index.php\/wp-json\/wp\/v2\/media?parent=296"}],"curies":[{"name":"wp","href":"https:\/\/api.w.org\/{rel}","templated":true}]}}