{"id":293,"date":"2020-07-07T07:03:33","date_gmt":"2020-07-07T07:03:33","guid":{"rendered":"http:\/\/www.caime.es\/?page_id=293"},"modified":"2025-07-23T09:38:01","modified_gmt":"2025-07-23T09:38:01","slug":"automatizacion-de-procesos-industriales-2","status":"publish","type":"page","link":"http:\/\/www.caime.es\/index.php\/automatizacion-de-procesos-industriales-2\/","title":{"rendered":"Electricidad Industrial"},"content":{"rendered":"\n<div class=\"wp-block-group alignfull is-style-saaslauncher-gradient-border has-center-gradient-gradient-background has-background is-layout-constrained wp-container-core-group-is-layout-5c53b157 wp-block-group-is-layout-constrained\" style=\"margin-top:0;margin-bottom:0;padding-top:0;padding-right:0;padding-bottom:0;padding-left:0\">\n<div class=\"wp-block-cover is-light\" style=\"margin-top:0px;padding-top:var(--wp--preset--spacing--80);padding-right:var(--wp--preset--spacing--40);padding-bottom:var(--wp--preset--spacing--40);padding-left:var(--wp--preset--spacing--40);min-height:640px;aspect-ratio:unset;\"><span aria-hidden=\"true\" class=\"wp-block-cover__background has-background-dim-0 has-background-dim\"><\/span><div class=\"wp-block-cover__inner-container is-layout-constrained wp-container-core-cover-is-layout-ab07d437 wp-block-cover-is-layout-constrained\">\n<div class=\"wp-block-group is-content-justification-center is-nowrap is-layout-flex wp-container-core-group-is-layout-23441af8 wp-block-group-is-layout-flex\">\n<div class=\"wp-block-group is-style-saaslauncher-gradient-border has-dark-shade-background-color has-background is-layout-constrained wp-container-core-group-is-layout-bccc2d18 wp-block-group-is-layout-constrained\" style=\"border-width:1px;border-radius:60px;padding-top:3px;padding-right:12px;padding-bottom:3px;padding-left:12px\">\n<h5 class=\"wp-block-heading has-light-color-color has-text-color has-link-color has-small-font-size wp-elements-b5bd5bb7dbde74d7953013f31a6464ef\">Contamos con mas de &#8220;X&#8221; Clientes<\/h5>\n<\/div>\n<\/div>\n\n\n\n<div class=\"wp-block-group is-layout-constrained wp-container-core-group-is-layout-df136b94 wp-block-group-is-layout-constrained\" style=\"margin-top:20px;margin-bottom:0\">\n<h1 class=\"wp-block-heading has-text-align-center saaslauncher-big-title has-light-color-color has-text-color has-link-color wp-elements-07ce08510702f45b6e59224468c656ba\" style=\"font-size:clamp(43.728px, 2.733rem + ((1vw - 3.2px) * 2.456), 84px);font-style:normal;font-weight:600;line-height:1.3\">ELECTRICIDAD INDUSTRIAL<\/h1>\n\n\n\n<p class=\"has-text-align-center has-foreground-alt-color has-text-color has-link-color has-medium-font-size wp-elements-36e7a716b51a40825eee69447585c375\" style=\"line-height:1.5\"><strong>DISE\u00d1O Y FABRICACI\u00d3N DEL PROYECTO EL\u00c9CTRICO EN SU TOTALIDAD<\/strong><\/p>\n<\/div>\n\n\n\n<div class=\"wp-block-buttons is-style-button-zoom-on-hover is-content-justification-center is-layout-flex wp-container-core-buttons-is-layout-9ad3a40f wp-block-buttons-is-layout-flex\" style=\"margin-top:44px\">\n<div class=\"wp-block-button is-style-button-with-uparrow-icon\"><a class=\"wp-block-button__link has-gradient-twelve-gradient-background has-background has-medium-font-size has-custom-font-size wp-element-button\" style=\"border-style:none;border-width:0px;border-radius:60px;padding-top:24px;padding-right:40px;padding-bottom:24px;padding-left:40px\">\u00a1Cont\u00e1ctanos!<\/a><\/div>\n<\/div>\n\n\n\n<p><\/p>\n\n\n\n<div style=\"height:69px\" aria-hidden=\"true\" class=\"wp-block-spacer\"><\/div>\n<\/div><\/div>\n<\/div>\n\n\n\n<div class=\"wp-block-columns alignfull are-vertically-aligned-center is-style-saaslauncher-boxshadow-hover has-gradient-eight-gradient-background has-background is-layout-flex wp-container-core-columns-is-layout-10f152b4 wp-block-columns-is-layout-flex\" style=\"margin-top:0;margin-bottom:0;padding-right:var(--wp--preset--spacing--80);padding-left:var(--wp--preset--spacing--80)\">\n<div class=\"wp-block-column is-vertically-aligned-center is-layout-flow wp-block-column-is-layout-flow\">\n<div class=\"wp-block-group is-content-justification-right is-layout-constrained wp-container-core-group-is-layout-f9a05951 wp-block-group-is-layout-constrained\" style=\"padding-top:var(--wp--preset--spacing--40);padding-right:var(--wp--preset--spacing--40);padding-bottom:var(--wp--preset--spacing--40);padding-left:var(--wp--preset--spacing--40)\">\n<div class=\"wp-block-group is-content-justification-left is-nowrap is-layout-flex wp-container-core-group-is-layout-2383ff3b wp-block-group-is-layout-flex\" style=\"margin-bottom:24px\">\n<div class=\"wp-block-group is-style-saaslauncher-gradient-border has-dark-shade-background-color has-background is-layout-constrained wp-container-core-group-is-layout-bccc2d18 wp-block-group-is-layout-constrained\" style=\"border-width:1px;border-radius:60px;padding-top:3px;padding-right:12px;padding-bottom:3px;padding-left:12px\">\n<h5 class=\"wp-block-heading has-light-color-color has-text-color has-link-color has-medium-font-size wp-elements-8d7424f4ba7224fbf32fc39c411ef311\">Desarrollo de proyectos el\u00e9ctricos con software especializado<\/h5>\n<\/div>\n<\/div>\n\n\n\n<p class=\"has-light-color-color has-text-color has-link-color has-medium-font-size wp-elements-f0e0488784b8d9920a2948640e20bf7e\" style=\"margin-bottom:28px\">Nuestra oficina t\u00e9cnica especializada en dise\u00f1o y desarrollo de proyectos el\u00e9ctricos personalizados ofrece soluciones integrales para instalaciones el\u00e9ctricas residenciales, comerciales e industriales. Utilizamos las herramientas l\u00edderes del mercado para asegurar la m\u00e1xima calidad y eficiencia en cada proyecto el\u00e9ctrico. Nos adaptamos a las especificaciones concretas de nuestros clientes y garantizamos el cumplimiento estricto de la normativa vigente, incluyendo la normativa UNE y el Reglamento Electrot\u00e9cnico de Baja Tensi\u00f3n (REBT). Conf\u00ede en nuestros expertos en ingenier\u00eda el\u00e9ctrica para el dise\u00f1o de instalaciones el\u00e9ctricas seguras, eficientes y totalmente adaptadas a sus necesidades.<\/p>\n\n\n\n<p class=\"has-light-color-color has-text-color has-link-color has-medium-font-size wp-elements-5c874c7d826ac3d46e70091d2854c3d7\">En CAIME contamos con a\u00f1os de experiencia<\/p>\n\n\n\n<p class=\"has-light-color-color has-text-color has-link-color has-medium-font-size wp-elements-15e2ca553d363571f9b4a961a6018b09\">ofreciendo servicios especializados de mantenimiento, montaje y puesta en marcha de maquinaria industrial. Nuestra amplia trayectoria en la fabricaci\u00f3n de cuadros de potencia y control industrial nos permite ofrecer un servicio integral y de alta calidad. Nuestro equipo de profesionales altamente cualificados garantiza soluciones eficientes y adaptadas a las necesidades espec\u00edficas de cada cliente, asegurando la m\u00e1xima fiabilidad y rendimiento en sus sistemas industriales.<\/p>\n<\/div>\n<\/div>\n\n\n\n<div class=\"wp-block-column is-vertically-aligned-center is-layout-flow wp-block-column-is-layout-flow\" style=\"flex-basis:50%\">\n<figure class=\"wp-block-gallery has-nested-images columns-default is-cropped wp-block-gallery-1 is-layout-flex wp-block-gallery-is-layout-flex\">\n<figure class=\"wp-block-image size-full has-custom-border is-style-default\"><img loading=\"lazy\" decoding=\"async\" width=\"1000\" height=\"576\" data-id=\"464\" src=\"http:\/\/www.caime.es\/wp-content\/uploads\/2025\/05\/instalaciones-electricas-industriales-1000x576-1.png\" alt=\"\" class=\"wp-image-464\" style=\"border-radius:10px\" srcset=\"http:\/\/www.caime.es\/wp-content\/uploads\/2025\/05\/instalaciones-electricas-industriales-1000x576-1.png 1000w, http:\/\/www.caime.es\/wp-content\/uploads\/2025\/05\/instalaciones-electricas-industriales-1000x576-1-300x173.png 300w, http:\/\/www.caime.es\/wp-content\/uploads\/2025\/05\/instalaciones-electricas-industriales-1000x576-1-768x442.png 768w\" sizes=\"auto, (max-width: 1000px) 100vw, 1000px\" \/><\/figure>\n<\/figure>\n\n\n\n<div style=\"height:179px\" aria-hidden=\"true\" class=\"wp-block-spacer\"><\/div>\n<\/div>\n<\/div>\n\n\n\n<p><\/p>\n","protected":false},"excerpt":{"rendered":"<p>Desarrollo de proyectos el\u00e9ctricos con software especializado Nuestra oficina t\u00e9cnica especializada en dise\u00f1o y desarrollo de proyectos el\u00e9ctricos personalizados ofrece soluciones integrales para instalaciones el\u00e9ctricas residenciales, comerciales e industriales. Utilizamos las herramientas l\u00edderes del mercado para asegurar la m\u00e1xima calidad y eficiencia en cada proyecto el\u00e9ctrico. Nos adaptamos a las especificaciones concretas de nuestros clientes&#8230;<\/p>\n","protected":false},"author":1,"featured_media":0,"parent":0,"menu_order":0,"comment_status":"closed","ping_status":"closed","template":"elementor_header_footer","meta":{"footnotes":""},"class_list":["post-293","page","type-page","status-publish","hentry"],"yoast_head":"<!-- This site is optimized with the Yoast SEO plugin v14.4.1 - https:\/\/yoast.com\/wordpress\/plugins\/seo\/ -->\n<meta name=\"description\" content=\"Desarrollo de proyectos el\u00e9ctricos con software especializado Nuestra oficina t\u00e9cnica especializada en dise\u00f1o y desarrollo de proyectos el\u00e9ctricos personalizados ofrece soluciones integrales para instalaciones el\u00e9ctricas residenciales, comerciales e industriales. Utilizamos las herramientas l\u00edderes del mercado para asegurar la m\u00e1xima calidad y eficiencia en cada proyecto el\u00e9ctrico. Nos adaptamos a las especificaciones concretas de nuestros clientes...\" \/>\n<meta name=\"robots\" content=\"index, follow\" \/>\n<meta name=\"googlebot\" content=\"index, follow, max-snippet:-1, max-image-preview:large, max-video-preview:-1\" \/>\n<meta name=\"bingbot\" content=\"index, follow, max-snippet:-1, max-image-preview:large, max-video-preview:-1\" \/>\n<link rel=\"canonical\" href=\"http:\/\/www.caime.es\/index.php\/automatizacion-de-procesos-industriales-2\/\" \/>\n<meta property=\"og:locale\" content=\"en_US\" \/>\n<meta property=\"og:type\" content=\"article\" \/>\n<meta property=\"og:title\" content=\"Electricidad Industrial - CAIME\" \/>\n<meta property=\"og:description\" content=\"Desarrollo de proyectos el\u00e9ctricos con software especializado Nuestra oficina t\u00e9cnica especializada en dise\u00f1o y desarrollo de proyectos el\u00e9ctricos personalizados ofrece soluciones integrales para instalaciones el\u00e9ctricas residenciales, comerciales e industriales. Utilizamos las herramientas l\u00edderes del mercado para asegurar la m\u00e1xima calidad y eficiencia en cada proyecto el\u00e9ctrico. Nos adaptamos a las especificaciones concretas de nuestros clientes...\" \/>\n<meta property=\"og:url\" content=\"http:\/\/www.caime.es\/index.php\/automatizacion-de-procesos-industriales-2\/\" \/>\n<meta property=\"og:site_name\" content=\"CAIME\" \/>\n<meta property=\"article:modified_time\" content=\"2025-07-23T09:38:01+00:00\" \/>\n<meta property=\"og:image\" content=\"http:\/\/www.caime.es\/wp-content\/uploads\/2025\/05\/instalaciones-electricas-industriales-1000x576-1.png\" \/>\n<meta name=\"twitter:card\" content=\"summary_large_image\" \/>\n<script type=\"application\/ld+json\" class=\"yoast-schema-graph\">{\"@context\":\"https:\/\/schema.org\",\"@graph\":[{\"@type\":\"WebSite\",\"@id\":\"http:\/\/www.caime.es\/#website\",\"url\":\"http:\/\/www.caime.es\/\",\"name\":\"CAIME\",\"description\":\"Ayudamos a automatizar y mejorar la eficiencia operativa mediante soluciones que optimizan los procesos y el manejo de datos en tiempo real.\",\"potentialAction\":[{\"@type\":\"SearchAction\",\"target\":\"http:\/\/www.caime.es\/?s={search_term_string}\",\"query-input\":\"required name=search_term_string\"}],\"inLanguage\":\"en-US\"},{\"@type\":\"ImageObject\",\"@id\":\"http:\/\/www.caime.es\/index.php\/automatizacion-de-procesos-industriales-2\/#primaryimage\",\"inLanguage\":\"en-US\",\"url\":\"http:\/\/www.caime.es\/wp-content\/uploads\/2025\/05\/instalaciones-electricas-industriales-1000x576-1.png\",\"width\":1000,\"height\":576},{\"@type\":\"WebPage\",\"@id\":\"http:\/\/www.caime.es\/index.php\/automatizacion-de-procesos-industriales-2\/#webpage\",\"url\":\"http:\/\/www.caime.es\/index.php\/automatizacion-de-procesos-industriales-2\/\",\"name\":\"Electricidad Industrial - CAIME\",\"isPartOf\":{\"@id\":\"http:\/\/www.caime.es\/#website\"},\"primaryImageOfPage\":{\"@id\":\"http:\/\/www.caime.es\/index.php\/automatizacion-de-procesos-industriales-2\/#primaryimage\"},\"datePublished\":\"2020-07-07T07:03:33+00:00\",\"dateModified\":\"2025-07-23T09:38:01+00:00\",\"inLanguage\":\"en-US\",\"potentialAction\":[{\"@type\":\"ReadAction\",\"target\":[\"http:\/\/www.caime.es\/index.php\/automatizacion-de-procesos-industriales-2\/\"]}]}]}<\/script>\n<!-- \/ Yoast SEO plugin. -->","_links":{"self":[{"href":"http:\/\/www.caime.es\/index.php\/wp-json\/wp\/v2\/pages\/293","targetHints":{"allow":["GET"]}}],"collection":[{"href":"http:\/\/www.caime.es\/index.php\/wp-json\/wp\/v2\/pages"}],"about":[{"href":"http:\/\/www.caime.es\/index.php\/wp-json\/wp\/v2\/types\/page"}],"author":[{"embeddable":true,"href":"http:\/\/www.caime.es\/index.php\/wp-json\/wp\/v2\/users\/1"}],"replies":[{"embeddable":true,"href":"http:\/\/www.caime.es\/index.php\/wp-json\/wp\/v2\/comments?post=293"}],"version-history":[{"count":15,"href":"http:\/\/www.caime.es\/index.php\/wp-json\/wp\/v2\/pages\/293\/revisions"}],"predecessor-version":[{"id":668,"href":"http:\/\/www.caime.es\/index.php\/wp-json\/wp\/v2\/pages\/293\/revisions\/668"}],"wp:attachment":[{"href":"http:\/\/www.caime.es\/index.php\/wp-json\/wp\/v2\/media?parent=293"}],"curies":[{"name":"wp","href":"https:\/\/api.w.org\/{rel}","templated":true}]}}