{"id":274,"date":"2020-07-07T06:44:53","date_gmt":"2020-07-07T06:44:53","guid":{"rendered":"http:\/\/www.caime.es\/?page_id=274"},"modified":"2020-07-07T09:34:55","modified_gmt":"2020-07-07T09:34:55","slug":"principales-clientes","status":"publish","type":"page","link":"http:\/\/www.caime.es\/index.php\/principales-clientes\/","title":{"rendered":"Principales clientes"},"content":{"rendered":"<h1>TODO PARA LA INDUSTRIA<\/h1>\n<h2>Ofrecemos una soluci\u00f3n completa gracias a la uni\u00f3n de ingenier\u00eda autom\u00e1tica, el\u00e9ctrica y mec\u00e1nica<\/h2>\n<p>\t\t\t\t\t\t\t\t\t\t<img loading=\"lazy\" decoding=\"async\" width=\"150\" height=\"150\" src=\"http:\/\/www.caime.es\/wp-content\/uploads\/2020\/07\/cubo-estatico-150x150.jpg\" alt=\"\" \/>\t\t\t\t\t\t\t\t\t\t\t<\/p>\n<h4>PRINCIPALES CLIENTES<\/h4>\n<h6>NUESTRO PRINCIPAL OBJETIVO ES OFRECER A NUESTROS CLIENTES UN SERVICIO R\u00c1PIDO Y EFICAZ<\/h6>\n<p><strong>RELACI\u00d3N CON CLIENTES<\/strong><\/p>\n<p><strong>Control Autom\u00e1tico IME S.L.<\/strong> es proveedor de importantes compa\u00f1\u00edas con gran presencia nacional e internacional en sectores como la alimentaci\u00f3n, automoci\u00f3n, industria, energ\u00eda, etc.<\/p>\n<p>\t\t\t\t\t\t\t\t\t\t<img loading=\"lazy\" decoding=\"async\" width=\"300\" height=\"295\" src=\"http:\/\/www.caime.es\/wp-content\/uploads\/2020\/07\/clientes-300x295.jpg\" alt=\"\" srcset=\"http:\/\/www.caime.es\/wp-content\/uploads\/2020\/07\/clientes-300x295.jpg 300w, http:\/\/www.caime.es\/wp-content\/uploads\/2020\/07\/clientes.jpg 734w\" sizes=\"auto, (max-width: 300px) 100vw, 300px\" \/><\/p>\n","protected":false},"excerpt":{"rendered":"<p>TODO PARA LA INDUSTRIA Ofrecemos una soluci\u00f3n completa gracias a la uni\u00f3n de ingenier\u00eda autom\u00e1tica, el\u00e9ctrica y mec\u00e1nica PRINCIPALES CLIENTES NUESTRO PRINCIPAL OBJETIVO ES OFRECER A NUESTROS CLIENTES UN SERVICIO R\u00c1PIDO Y EFICAZ RELACI\u00d3N CON CLIENTES Control Autom\u00e1tico IME S.L. es proveedor de importantes compa\u00f1\u00edas con gran presencia nacional e internacional en sectores como la&#8230;<\/p>\n","protected":false},"author":1,"featured_media":0,"parent":0,"menu_order":0,"comment_status":"closed","ping_status":"closed","template":"elementor_header_footer","meta":{"footnotes":""},"class_list":["post-274","page","type-page","status-publish","hentry"],"yoast_head":"<!-- This site is optimized with the Yoast SEO plugin v14.4.1 - https:\/\/yoast.com\/wordpress\/plugins\/seo\/ -->\n<meta name=\"description\" content=\"TODO PARA LA INDUSTRIA Ofrecemos una soluci\u00f3n completa gracias a la uni\u00f3n de ingenier\u00eda autom\u00e1tica, el\u00e9ctrica y mec\u00e1nica PRINCIPALES CLIENTES NUESTRO PRINCIPAL OBJETIVO ES OFRECER A NUESTROS CLIENTES UN SERVICIO R\u00c1PIDO Y EFICAZ RELACI\u00d3N CON CLIENTES Control Autom\u00e1tico IME S.L. es proveedor de importantes compa\u00f1\u00edas con gran presencia nacional e internacional en sectores como la...\" \/>\n<meta name=\"robots\" content=\"index, follow\" \/>\n<meta name=\"googlebot\" content=\"index, follow, max-snippet:-1, max-image-preview:large, max-video-preview:-1\" \/>\n<meta name=\"bingbot\" content=\"index, follow, max-snippet:-1, max-image-preview:large, max-video-preview:-1\" \/>\n<link rel=\"canonical\" href=\"http:\/\/www.caime.es\/index.php\/principales-clientes\/\" \/>\n<meta property=\"og:locale\" content=\"en_US\" \/>\n<meta property=\"og:type\" content=\"article\" \/>\n<meta property=\"og:title\" content=\"Principales clientes - CAIME\" \/>\n<meta property=\"og:description\" content=\"TODO PARA LA INDUSTRIA Ofrecemos una soluci\u00f3n completa gracias a la uni\u00f3n de ingenier\u00eda autom\u00e1tica, el\u00e9ctrica y mec\u00e1nica PRINCIPALES CLIENTES NUESTRO PRINCIPAL OBJETIVO ES OFRECER A NUESTROS CLIENTES UN SERVICIO R\u00c1PIDO Y EFICAZ RELACI\u00d3N CON CLIENTES Control Autom\u00e1tico IME S.L. es proveedor de importantes compa\u00f1\u00edas con gran presencia nacional e internacional en sectores como la...\" \/>\n<meta property=\"og:url\" content=\"http:\/\/www.caime.es\/index.php\/principales-clientes\/\" \/>\n<meta property=\"og:site_name\" content=\"CAIME\" \/>\n<meta property=\"article:modified_time\" content=\"2020-07-07T09:34:55+00:00\" \/>\n<meta property=\"og:image\" content=\"http:\/\/www.caime.es\/wp-content\/uploads\/2020\/07\/cubo-estatico-150x150.jpg\" \/>\n<meta name=\"twitter:card\" content=\"summary_large_image\" \/>\n<script type=\"application\/ld+json\" class=\"yoast-schema-graph\">{\"@context\":\"https:\/\/schema.org\",\"@graph\":[{\"@type\":\"WebSite\",\"@id\":\"http:\/\/www.caime.es\/#website\",\"url\":\"http:\/\/www.caime.es\/\",\"name\":\"CAIME\",\"description\":\"Ayudamos a automatizar y mejorar la eficiencia operativa mediante soluciones que optimizan los procesos y el manejo de datos en tiempo real.\",\"potentialAction\":[{\"@type\":\"SearchAction\",\"target\":\"http:\/\/www.caime.es\/?s={search_term_string}\",\"query-input\":\"required name=search_term_string\"}],\"inLanguage\":\"en-US\"},{\"@type\":\"ImageObject\",\"@id\":\"http:\/\/www.caime.es\/index.php\/principales-clientes\/#primaryimage\",\"inLanguage\":\"en-US\",\"url\":\"http:\/\/www.caime.es\/wp-content\/uploads\/2020\/07\/cubo-estatico.jpg\",\"width\":509,\"height\":537},{\"@type\":\"WebPage\",\"@id\":\"http:\/\/www.caime.es\/index.php\/principales-clientes\/#webpage\",\"url\":\"http:\/\/www.caime.es\/index.php\/principales-clientes\/\",\"name\":\"Principales clientes - CAIME\",\"isPartOf\":{\"@id\":\"http:\/\/www.caime.es\/#website\"},\"primaryImageOfPage\":{\"@id\":\"http:\/\/www.caime.es\/index.php\/principales-clientes\/#primaryimage\"},\"datePublished\":\"2020-07-07T06:44:53+00:00\",\"dateModified\":\"2020-07-07T09:34:55+00:00\",\"inLanguage\":\"en-US\",\"potentialAction\":[{\"@type\":\"ReadAction\",\"target\":[\"http:\/\/www.caime.es\/index.php\/principales-clientes\/\"]}]}]}<\/script>\n<!-- \/ Yoast SEO plugin. -->","_links":{"self":[{"href":"http:\/\/www.caime.es\/index.php\/wp-json\/wp\/v2\/pages\/274","targetHints":{"allow":["GET"]}}],"collection":[{"href":"http:\/\/www.caime.es\/index.php\/wp-json\/wp\/v2\/pages"}],"about":[{"href":"http:\/\/www.caime.es\/index.php\/wp-json\/wp\/v2\/types\/page"}],"author":[{"embeddable":true,"href":"http:\/\/www.caime.es\/index.php\/wp-json\/wp\/v2\/users\/1"}],"replies":[{"embeddable":true,"href":"http:\/\/www.caime.es\/index.php\/wp-json\/wp\/v2\/comments?post=274"}],"version-history":[{"count":6,"href":"http:\/\/www.caime.es\/index.php\/wp-json\/wp\/v2\/pages\/274\/revisions"}],"predecessor-version":[{"id":323,"href":"http:\/\/www.caime.es\/index.php\/wp-json\/wp\/v2\/pages\/274\/revisions\/323"}],"wp:attachment":[{"href":"http:\/\/www.caime.es\/index.php\/wp-json\/wp\/v2\/media?parent=274"}],"curies":[{"name":"wp","href":"https:\/\/api.w.org\/{rel}","templated":true}]}}