{"id":233,"date":"2020-07-06T12:50:30","date_gmt":"2020-07-06T12:50:30","guid":{"rendered":"http:\/\/www.caime.es\/?page_id=233"},"modified":"2020-07-07T09:37:58","modified_gmt":"2020-07-07T09:37:58","slug":"calidad","status":"publish","type":"page","link":"http:\/\/www.caime.es\/index.php\/calidad\/","title":{"rendered":"Calidad"},"content":{"rendered":"<h1>TODO PARA LA INDUSTRIA<\/h1>\n<h2>Ofrecemos una soluci\u00f3n completa gracias a la uni\u00f3n de ingenier\u00eda autom\u00e1tica, el\u00e9ctrica y mec\u00e1nica<\/h2>\n<p>\t\t\t\t\t\t\t\t\t\t<img loading=\"lazy\" decoding=\"async\" width=\"150\" height=\"150\" src=\"http:\/\/www.caime.es\/wp-content\/uploads\/2020\/07\/cubo-estatico-150x150.jpg\" alt=\"\" \/>\t\t\t\t\t\t\t\t\t\t\t<\/p>\n<h4>calidad como base de todos nuestros proyectos<\/h4>\n<h6>Nuestra pol\u00edtica de calidad<\/h6>\n<p><strong>\u201cMejorar la satisfacci\u00f3n del cliente\u201d<\/strong><br \/>Mejorar las t\u00e9cnicas empleadas, dot\u00e1ndolas de los medios m\u00e1s apropiados para la adecuaci\u00f3n a las necesidades de los proyectos, as\u00ed como del cumplimiento de las especificaciones de nuestros clientes.<\/p>\n<p><strong>\u201cMejorar la satisfacci\u00f3n personal y profesional de los trabajadores de la empresa\u201d<\/strong><br \/>Fomentando un entorno de trabajo adecuado, ofreciendo para ello un equipamiento e instalaciones \u00f3ptimas, adem\u00e1s de la formaci\u00f3n necesaria para el desarrollo profesional.<\/p>\n<p align=\"center\"><strong>\u201cCumplir rigurosamente los requisitos legales adquiridos con el cliente\u201d<\/strong><br \/>Establecemos las\u00a0 medidas necesarias para garantizar que los trabajos no sufran retrasos, as\u00ed como la ausencia de errores en los mismos mediante una adecuada planificaci\u00f3n y control.<\/p>\n<p align=\"center\"><strong>\u201cMejora continua de la eficacia y productividad de la organizaci\u00f3n\u201d<\/strong><br \/>Asegurar la eficacia de nuestras actividades y el incremento de nuestra productividad.<\/p>\n<p><strong>Esta pol\u00edtica de la calidad es entendida, implantada y mantenida al d\u00eda en todos los niveles de la organizaci\u00f3n y cuenta con el total compromiso y apoyo de la organizaci\u00f3n.<\/strong><\/p>\n","protected":false},"excerpt":{"rendered":"<p>TODO PARA LA INDUSTRIA Ofrecemos una soluci\u00f3n completa gracias a la uni\u00f3n de ingenier\u00eda autom\u00e1tica, el\u00e9ctrica y mec\u00e1nica calidad como base de todos nuestros proyectos Nuestra pol\u00edtica de calidad \u201cMejorar la satisfacci\u00f3n del cliente\u201dMejorar las t\u00e9cnicas empleadas, dot\u00e1ndolas de los medios m\u00e1s apropiados para la adecuaci\u00f3n a las necesidades de los proyectos, as\u00ed como del&#8230;<\/p>\n","protected":false},"author":1,"featured_media":0,"parent":0,"menu_order":0,"comment_status":"closed","ping_status":"closed","template":"elementor_header_footer","meta":{"footnotes":""},"class_list":["post-233","page","type-page","status-publish","hentry"],"yoast_head":"<!-- This site is optimized with the Yoast SEO plugin v14.4.1 - https:\/\/yoast.com\/wordpress\/plugins\/seo\/ -->\n<meta name=\"description\" content=\"TODO PARA LA INDUSTRIA Ofrecemos una soluci\u00f3n completa gracias a la uni\u00f3n de ingenier\u00eda autom\u00e1tica, el\u00e9ctrica y mec\u00e1nica calidad como base de todos nuestros proyectos Nuestra pol\u00edtica de calidad \u201cMejorar la satisfacci\u00f3n del cliente\u201dMejorar las t\u00e9cnicas empleadas, dot\u00e1ndolas de los medios m\u00e1s apropiados para la adecuaci\u00f3n a las necesidades de los proyectos, as\u00ed como del...\" \/>\n<meta name=\"robots\" content=\"index, follow\" \/>\n<meta name=\"googlebot\" content=\"index, follow, max-snippet:-1, max-image-preview:large, max-video-preview:-1\" \/>\n<meta name=\"bingbot\" content=\"index, follow, max-snippet:-1, max-image-preview:large, max-video-preview:-1\" \/>\n<link rel=\"canonical\" href=\"http:\/\/www.caime.es\/index.php\/calidad\/\" \/>\n<meta property=\"og:locale\" content=\"en_US\" \/>\n<meta property=\"og:type\" content=\"article\" \/>\n<meta property=\"og:title\" content=\"Calidad - CAIME\" \/>\n<meta property=\"og:description\" content=\"TODO PARA LA INDUSTRIA Ofrecemos una soluci\u00f3n completa gracias a la uni\u00f3n de ingenier\u00eda autom\u00e1tica, el\u00e9ctrica y mec\u00e1nica calidad como base de todos nuestros proyectos Nuestra pol\u00edtica de calidad \u201cMejorar la satisfacci\u00f3n del cliente\u201dMejorar las t\u00e9cnicas empleadas, dot\u00e1ndolas de los medios m\u00e1s apropiados para la adecuaci\u00f3n a las necesidades de los proyectos, as\u00ed como del...\" \/>\n<meta property=\"og:url\" content=\"http:\/\/www.caime.es\/index.php\/calidad\/\" \/>\n<meta property=\"og:site_name\" content=\"CAIME\" \/>\n<meta property=\"article:modified_time\" content=\"2020-07-07T09:37:58+00:00\" \/>\n<meta property=\"og:image\" content=\"http:\/\/www.caime.es\/wp-content\/uploads\/2020\/07\/cubo-estatico-150x150.jpg\" \/>\n<meta name=\"twitter:card\" content=\"summary_large_image\" \/>\n<script type=\"application\/ld+json\" class=\"yoast-schema-graph\">{\"@context\":\"https:\/\/schema.org\",\"@graph\":[{\"@type\":\"WebSite\",\"@id\":\"http:\/\/www.caime.es\/#website\",\"url\":\"http:\/\/www.caime.es\/\",\"name\":\"CAIME\",\"description\":\"Ayudamos a automatizar y mejorar la eficiencia operativa mediante soluciones que optimizan los procesos y el manejo de datos en tiempo real.\",\"potentialAction\":[{\"@type\":\"SearchAction\",\"target\":\"http:\/\/www.caime.es\/?s={search_term_string}\",\"query-input\":\"required name=search_term_string\"}],\"inLanguage\":\"en-US\"},{\"@type\":\"ImageObject\",\"@id\":\"http:\/\/www.caime.es\/index.php\/calidad\/#primaryimage\",\"inLanguage\":\"en-US\",\"url\":\"http:\/\/www.caime.es\/wp-content\/uploads\/2020\/07\/cubo-estatico.jpg\",\"width\":509,\"height\":537},{\"@type\":\"WebPage\",\"@id\":\"http:\/\/www.caime.es\/index.php\/calidad\/#webpage\",\"url\":\"http:\/\/www.caime.es\/index.php\/calidad\/\",\"name\":\"Calidad - CAIME\",\"isPartOf\":{\"@id\":\"http:\/\/www.caime.es\/#website\"},\"primaryImageOfPage\":{\"@id\":\"http:\/\/www.caime.es\/index.php\/calidad\/#primaryimage\"},\"datePublished\":\"2020-07-06T12:50:30+00:00\",\"dateModified\":\"2020-07-07T09:37:58+00:00\",\"inLanguage\":\"en-US\",\"potentialAction\":[{\"@type\":\"ReadAction\",\"target\":[\"http:\/\/www.caime.es\/index.php\/calidad\/\"]}]}]}<\/script>\n<!-- \/ Yoast SEO plugin. -->","_links":{"self":[{"href":"http:\/\/www.caime.es\/index.php\/wp-json\/wp\/v2\/pages\/233","targetHints":{"allow":["GET"]}}],"collection":[{"href":"http:\/\/www.caime.es\/index.php\/wp-json\/wp\/v2\/pages"}],"about":[{"href":"http:\/\/www.caime.es\/index.php\/wp-json\/wp\/v2\/types\/page"}],"author":[{"embeddable":true,"href":"http:\/\/www.caime.es\/index.php\/wp-json\/wp\/v2\/users\/1"}],"replies":[{"embeddable":true,"href":"http:\/\/www.caime.es\/index.php\/wp-json\/wp\/v2\/comments?post=233"}],"version-history":[{"count":7,"href":"http:\/\/www.caime.es\/index.php\/wp-json\/wp\/v2\/pages\/233\/revisions"}],"predecessor-version":[{"id":332,"href":"http:\/\/www.caime.es\/index.php\/wp-json\/wp\/v2\/pages\/233\/revisions\/332"}],"wp:attachment":[{"href":"http:\/\/www.caime.es\/index.php\/wp-json\/wp\/v2\/media?parent=233"}],"curies":[{"name":"wp","href":"https:\/\/api.w.org\/{rel}","templated":true}]}}